{"id":138163,"date":"2024-07-18T09:42:14","date_gmt":"2024-07-18T07:42:14","guid":{"rendered":"https:\/\/autostil.ba\/maloprodaja\/?post_type=product&#038;p=138163"},"modified":"2026-04-08T12:15:39","modified_gmt":"2026-04-08T10:15:39","slug":"liqui-moly-aditiv-za-ispiranje-ulja-u-motoru-500ml","status":"publish","type":"product","link":"https:\/\/autostil.ba\/maloprodaja\/proizvod\/2241\/liqui-moly-aditiv-za-ispiranje-ulja-u-motoru-500ml\/","title":{"rendered":"LIQUI MOLY ADITIV ZA ISPIRANJE ULJA U MOTORU 500ml"},"content":{"rendered":"","protected":false},"excerpt":{"rendered":"<p>LIQUI MOLY ADITIV ZA ISPIRANJE ULJA U MOTORU 500ml  Liqui Moly sredstvo za \u010di\u0161\u0107enje uljnog prostora motora. Kombinacija specijalnih aditiva za \u010di\u0161\u0107enje uljnog sistema motora otapa talog, naslage, mulj i druge neotopive ostatke u sistemu motornog ulja prije zamjene. \u010cisti i ispira ulje iz sistema benzinskih i dizel motora. Jedna boca od 500ml je dovoljna za 5 litara ulja. Dodajte aditiv u motorno ulje dok ulje jo\u0161 uvek ima radnu temperaturu i to prije zamjene ulja. Nakon dodavanja aditiva, omoguc\u0301iti motoru da miruje oko 10 do 15 minuta u zavisnosti od stepena kontaminacije. Zatim promijeniti ulje i filter. Pro- Line ispira\u010d motora je kompatibilan sa svim motornim uljima dostupnim na tr\u017ei\u0161tu. Napomena: Nije pogodan za upotrebu na motociklima sa mokrim kva\u010dilom.<\/p>\n","protected":false},"featured_media":138164,"comment_status":"open","ping_status":"closed","template":"","meta":{"_acf_changed":false,"inline_featured_image":false},"product_brand":[],"product_cat":[69],"product_tag":[],"class_list":{"0":"post-138163","1":"product","2":"type-product","3":"status-publish","4":"has-post-thumbnail","6":"product_cat-aditivi","8":"first","9":"instock","10":"taxable","11":"shipping-taxable","12":"purchasable","13":"product-type-simple"},"acf":[],"custom_product_id":"2241","_links":{"self":[{"href":"https:\/\/autostil.ba\/maloprodaja\/wp-json\/wp\/v2\/product\/138163","targetHints":{"allow":["GET"]}}],"collection":[{"href":"https:\/\/autostil.ba\/maloprodaja\/wp-json\/wp\/v2\/product"}],"about":[{"href":"https:\/\/autostil.ba\/maloprodaja\/wp-json\/wp\/v2\/types\/product"}],"replies":[{"embeddable":true,"href":"https:\/\/autostil.ba\/maloprodaja\/wp-json\/wp\/v2\/comments?post=138163"}],"version-history":[{"count":1,"href":"https:\/\/autostil.ba\/maloprodaja\/wp-json\/wp\/v2\/product\/138163\/revisions"}],"predecessor-version":[{"id":138165,"href":"https:\/\/autostil.ba\/maloprodaja\/wp-json\/wp\/v2\/product\/138163\/revisions\/138165"}],"wp:featuredmedia":[{"embeddable":true,"href":"https:\/\/autostil.ba\/maloprodaja\/wp-json\/wp\/v2\/media\/138164"}],"wp:attachment":[{"href":"https:\/\/autostil.ba\/maloprodaja\/wp-json\/wp\/v2\/media?parent=138163"}],"wp:term":[{"taxonomy":"product_brand","embeddable":true,"href":"https:\/\/autostil.ba\/maloprodaja\/wp-json\/wp\/v2\/product_brand?post=138163"},{"taxonomy":"product_cat","embeddable":true,"href":"https:\/\/autostil.ba\/maloprodaja\/wp-json\/wp\/v2\/product_cat?post=138163"},{"taxonomy":"product_tag","embeddable":true,"href":"https:\/\/autostil.ba\/maloprodaja\/wp-json\/wp\/v2\/product_tag?post=138163"}],"curies":[{"name":"wp","href":"https:\/\/api.w.org\/{rel}","templated":true}]}}