{"id":138063,"date":"2024-07-18T09:42:07","date_gmt":"2024-07-18T09:42:07","guid":{"rendered":"https:\/\/autostil.ba\/maloprodaja\/?post_type=product&#038;p=138063"},"modified":"2026-04-08T12:15:32","modified_gmt":"2026-04-08T10:15:32","slug":"kopca-podizaca-stakla-partner-berlingo-lijeva","status":"publish","type":"product","link":"https:\/\/autostil.ba\/maloprodaja\/proizvod\/2112\/kopca-podizaca-stakla-partner-berlingo-lijeva\/","title":{"rendered":"KOP\u010cA PODIZA\u010cA STAKLA PARTNER, BERLINGO LIJEVA"},"content":{"rendered":"","protected":false},"excerpt":{"rendered":"<p>KOP\u010cA PODIZA\u010cA STAKLA<\/p>\n","protected":false},"featured_media":159406,"comment_status":"open","ping_status":"closed","template":"","meta":{"_acf_changed":false,"inline_featured_image":false},"product_brand":[],"product_cat":[24],"product_tag":[],"class_list":{"0":"post-138063","1":"product","2":"type-product","3":"status-publish","4":"has-post-thumbnail","6":"product_cat-kopce-vijci-cepovi","8":"first","9":"instock","10":"taxable","11":"shipping-taxable","12":"purchasable","13":"product-type-simple"},"acf":[],"custom_product_id":"2112","_links":{"self":[{"href":"https:\/\/autostil.ba\/maloprodaja\/wp-json\/wp\/v2\/product\/138063","targetHints":{"allow":["GET"]}}],"collection":[{"href":"https:\/\/autostil.ba\/maloprodaja\/wp-json\/wp\/v2\/product"}],"about":[{"href":"https:\/\/autostil.ba\/maloprodaja\/wp-json\/wp\/v2\/types\/product"}],"replies":[{"embeddable":true,"href":"https:\/\/autostil.ba\/maloprodaja\/wp-json\/wp\/v2\/comments?post=138063"}],"version-history":[{"count":1,"href":"https:\/\/autostil.ba\/maloprodaja\/wp-json\/wp\/v2\/product\/138063\/revisions"}],"predecessor-version":[{"id":138064,"href":"https:\/\/autostil.ba\/maloprodaja\/wp-json\/wp\/v2\/product\/138063\/revisions\/138064"}],"wp:featuredmedia":[{"embeddable":true,"href":"https:\/\/autostil.ba\/maloprodaja\/wp-json\/wp\/v2\/media\/159406"}],"wp:attachment":[{"href":"https:\/\/autostil.ba\/maloprodaja\/wp-json\/wp\/v2\/media?parent=138063"}],"wp:term":[{"taxonomy":"product_brand","embeddable":true,"href":"https:\/\/autostil.ba\/maloprodaja\/wp-json\/wp\/v2\/product_brand?post=138063"},{"taxonomy":"product_cat","embeddable":true,"href":"https:\/\/autostil.ba\/maloprodaja\/wp-json\/wp\/v2\/product_cat?post=138063"},{"taxonomy":"product_tag","embeddable":true,"href":"https:\/\/autostil.ba\/maloprodaja\/wp-json\/wp\/v2\/product_tag?post=138063"}],"curies":[{"name":"wp","href":"https:\/\/api.w.org\/{rel}","templated":true}]}}