{"id":137983,"date":"2024-07-18T09:42:01","date_gmt":"2024-07-18T09:42:01","guid":{"rendered":"https:\/\/autostil.ba\/maloprodaja\/?post_type=product&#038;p=137983"},"modified":"2026-04-08T12:15:27","modified_gmt":"2026-04-08T10:15:27","slug":"selna-85-103","status":"publish","type":"product","link":"https:\/\/autostil.ba\/maloprodaja\/proizvod\/2032\/selna-85-103\/","title":{"rendered":"\u0160ELNA 85\/103"},"content":{"rendered":"","protected":false},"excerpt":{"rendered":"<p>\u0160ELNA 85\/103 Namijenjene su \u0161irokoj potro\u0161nji za pri\u010dvr\u0161\u0107ivanje gumenih ili plasti\u010dnih cijevi.<\/p>\n","protected":false},"featured_media":137984,"comment_status":"open","ping_status":"closed","template":"","meta":{"_acf_changed":false,"inline_featured_image":false},"product_brand":[],"product_cat":[142],"product_tag":[],"class_list":{"0":"post-137983","1":"product","2":"type-product","3":"status-publish","4":"has-post-thumbnail","6":"product_cat-selne","8":"first","9":"instock","10":"taxable","11":"shipping-taxable","12":"purchasable","13":"product-type-simple"},"acf":[],"custom_product_id":"2032","_links":{"self":[{"href":"https:\/\/autostil.ba\/maloprodaja\/wp-json\/wp\/v2\/product\/137983","targetHints":{"allow":["GET"]}}],"collection":[{"href":"https:\/\/autostil.ba\/maloprodaja\/wp-json\/wp\/v2\/product"}],"about":[{"href":"https:\/\/autostil.ba\/maloprodaja\/wp-json\/wp\/v2\/types\/product"}],"replies":[{"embeddable":true,"href":"https:\/\/autostil.ba\/maloprodaja\/wp-json\/wp\/v2\/comments?post=137983"}],"version-history":[{"count":1,"href":"https:\/\/autostil.ba\/maloprodaja\/wp-json\/wp\/v2\/product\/137983\/revisions"}],"predecessor-version":[{"id":137985,"href":"https:\/\/autostil.ba\/maloprodaja\/wp-json\/wp\/v2\/product\/137983\/revisions\/137985"}],"wp:featuredmedia":[{"embeddable":true,"href":"https:\/\/autostil.ba\/maloprodaja\/wp-json\/wp\/v2\/media\/137984"}],"wp:attachment":[{"href":"https:\/\/autostil.ba\/maloprodaja\/wp-json\/wp\/v2\/media?parent=137983"}],"wp:term":[{"taxonomy":"product_brand","embeddable":true,"href":"https:\/\/autostil.ba\/maloprodaja\/wp-json\/wp\/v2\/product_brand?post=137983"},{"taxonomy":"product_cat","embeddable":true,"href":"https:\/\/autostil.ba\/maloprodaja\/wp-json\/wp\/v2\/product_cat?post=137983"},{"taxonomy":"product_tag","embeddable":true,"href":"https:\/\/autostil.ba\/maloprodaja\/wp-json\/wp\/v2\/product_tag?post=137983"}],"curies":[{"name":"wp","href":"https:\/\/api.w.org\/{rel}","templated":true}]}}