{"id":137913,"date":"2025-12-10T09:09:57","date_gmt":"2025-12-10T07:09:57","guid":{"rendered":"https:\/\/autostil.ba\/maloprodaja\/?post_type=product&#038;p=137913"},"modified":"2026-04-08T12:15:27","modified_gmt":"2026-04-08T10:15:27","slug":"lajsna-hromirana-7mmx4m","status":"publish","type":"product","link":"https:\/\/autostil.ba\/maloprodaja\/proizvod\/1915\/lajsna-hromirana-7mmx4m\/","title":{"rendered":"LAJSNA HROMIRANA 7mmX4m"},"content":{"rendered":"","protected":false},"excerpt":{"rendered":"<p>LAJSNA HROMIRANA 7mmX4m Ljepljiva hromirana lajsna. Fleksibilna, mo\u017ee se zakriviti u oblik i smanjiti po veli\u010dini. Specijalna ljepljiva traka za sigurno i dugotrajno prijanjanje plastike i metala. Idealno za vrata, re\u0161etke hladnjaka, odbojnike, bo\u010dne stranice.<\/p>\n","protected":false},"featured_media":137914,"comment_status":"open","ping_status":"closed","template":"","meta":{"_acf_changed":false,"inline_featured_image":false},"product_brand":[],"product_cat":[26],"product_tag":[],"class_list":{"0":"post-137913","1":"product","2":"type-product","3":"status-publish","4":"has-post-thumbnail","6":"product_cat-lajsne","8":"first","9":"instock","10":"taxable","11":"shipping-taxable","12":"purchasable","13":"product-type-simple"},"acf":[],"custom_product_id":"1915","_links":{"self":[{"href":"https:\/\/autostil.ba\/maloprodaja\/wp-json\/wp\/v2\/product\/137913","targetHints":{"allow":["GET"]}}],"collection":[{"href":"https:\/\/autostil.ba\/maloprodaja\/wp-json\/wp\/v2\/product"}],"about":[{"href":"https:\/\/autostil.ba\/maloprodaja\/wp-json\/wp\/v2\/types\/product"}],"replies":[{"embeddable":true,"href":"https:\/\/autostil.ba\/maloprodaja\/wp-json\/wp\/v2\/comments?post=137913"}],"version-history":[{"count":1,"href":"https:\/\/autostil.ba\/maloprodaja\/wp-json\/wp\/v2\/product\/137913\/revisions"}],"predecessor-version":[{"id":137915,"href":"https:\/\/autostil.ba\/maloprodaja\/wp-json\/wp\/v2\/product\/137913\/revisions\/137915"}],"wp:featuredmedia":[{"embeddable":true,"href":"https:\/\/autostil.ba\/maloprodaja\/wp-json\/wp\/v2\/media\/137914"}],"wp:attachment":[{"href":"https:\/\/autostil.ba\/maloprodaja\/wp-json\/wp\/v2\/media?parent=137913"}],"wp:term":[{"taxonomy":"product_brand","embeddable":true,"href":"https:\/\/autostil.ba\/maloprodaja\/wp-json\/wp\/v2\/product_brand?post=137913"},{"taxonomy":"product_cat","embeddable":true,"href":"https:\/\/autostil.ba\/maloprodaja\/wp-json\/wp\/v2\/product_cat?post=137913"},{"taxonomy":"product_tag","embeddable":true,"href":"https:\/\/autostil.ba\/maloprodaja\/wp-json\/wp\/v2\/product_tag?post=137913"}],"curies":[{"name":"wp","href":"https:\/\/api.w.org\/{rel}","templated":true}]}}