{"id":137653,"date":"2024-07-18T09:41:44","date_gmt":"2024-07-18T07:41:44","guid":{"rendered":"https:\/\/autostil.ba\/maloprodaja\/?post_type=product&#038;p=137653"},"modified":"2026-04-08T12:15:08","modified_gmt":"2026-04-08T10:15:08","slug":"rotacija-12v-magnetna-max-xenon-zuta","status":"publish","type":"product","link":"https:\/\/autostil.ba\/maloprodaja\/proizvod\/1255\/rotacija-12v-magnetna-max-xenon-zuta\/","title":{"rendered":"ROTACIJA 12V MAGNETNA MAX XENON \u017dUTA"},"content":{"rendered":"","protected":false},"excerpt":{"rendered":"<p>ROTACIJA 12V MAGNETNA MAX XENON \u017dUTA Vi\u0161enamjenska magnetna rotacija. Lampica upozorenja 12 V, stroboskopska. \u017duta boja.<\/p>\n","protected":false},"featured_media":137654,"comment_status":"open","ping_status":"closed","template":"","meta":{"_acf_changed":false,"inline_featured_image":false},"product_brand":[],"product_cat":[101],"product_tag":[],"class_list":{"0":"post-137653","1":"product","2":"type-product","3":"status-publish","4":"has-post-thumbnail","6":"product_cat-rotaciona-svijetla","8":"first","9":"instock","10":"taxable","11":"shipping-taxable","12":"purchasable","13":"product-type-simple"},"acf":[],"custom_product_id":"1255","_links":{"self":[{"href":"https:\/\/autostil.ba\/maloprodaja\/wp-json\/wp\/v2\/product\/137653","targetHints":{"allow":["GET"]}}],"collection":[{"href":"https:\/\/autostil.ba\/maloprodaja\/wp-json\/wp\/v2\/product"}],"about":[{"href":"https:\/\/autostil.ba\/maloprodaja\/wp-json\/wp\/v2\/types\/product"}],"replies":[{"embeddable":true,"href":"https:\/\/autostil.ba\/maloprodaja\/wp-json\/wp\/v2\/comments?post=137653"}],"version-history":[{"count":1,"href":"https:\/\/autostil.ba\/maloprodaja\/wp-json\/wp\/v2\/product\/137653\/revisions"}],"predecessor-version":[{"id":137655,"href":"https:\/\/autostil.ba\/maloprodaja\/wp-json\/wp\/v2\/product\/137653\/revisions\/137655"}],"wp:featuredmedia":[{"embeddable":true,"href":"https:\/\/autostil.ba\/maloprodaja\/wp-json\/wp\/v2\/media\/137654"}],"wp:attachment":[{"href":"https:\/\/autostil.ba\/maloprodaja\/wp-json\/wp\/v2\/media?parent=137653"}],"wp:term":[{"taxonomy":"product_brand","embeddable":true,"href":"https:\/\/autostil.ba\/maloprodaja\/wp-json\/wp\/v2\/product_brand?post=137653"},{"taxonomy":"product_cat","embeddable":true,"href":"https:\/\/autostil.ba\/maloprodaja\/wp-json\/wp\/v2\/product_cat?post=137653"},{"taxonomy":"product_tag","embeddable":true,"href":"https:\/\/autostil.ba\/maloprodaja\/wp-json\/wp\/v2\/product_tag?post=137653"}],"curies":[{"name":"wp","href":"https:\/\/api.w.org\/{rel}","templated":true}]}}