{"id":137623,"date":"2025-08-30T14:42:42","date_gmt":"2025-08-30T12:42:42","guid":{"rendered":"https:\/\/autostil.ba\/maloprodaja\/?post_type=product&#038;p=137623"},"modified":"2026-04-08T12:15:08","modified_gmt":"2026-04-08T10:15:08","slug":"auto-salter-sa-5-funkcija","status":"publish","type":"product","link":"https:\/\/autostil.ba\/maloprodaja\/proizvod\/1137\/auto-salter-sa-5-funkcija\/","title":{"rendered":"AUTO \u0160ALTER SA 5 FUNKCIJA"},"content":{"rendered":"","protected":false},"excerpt":{"rendered":"<p>AUTO \u0160ALTER SA 5 FUNKCIJA Aluminijska plo\u010da 5 u 1 12V. 1 za\u0161ti\u0107ena sklopka za ubistvo napajanja, 1 osvijetljena sklopka za pokretanje motora, 3 za\u0161ti\u0107ena prekida\u010da.<\/p>\n<p>svjetla za uklju\u010divanje<br \/>\nDimenzija: 192&#215;67 cm<\/p>\n","protected":false},"featured_media":137624,"comment_status":"open","ping_status":"closed","template":"","meta":{"_acf_changed":false,"inline_featured_image":false},"product_brand":[],"product_cat":[87],"product_tag":[],"class_list":{"0":"post-137623","1":"product","2":"type-product","3":"status-publish","4":"has-post-thumbnail","6":"product_cat-prekidaci","8":"first","9":"instock","10":"taxable","11":"shipping-taxable","12":"purchasable","13":"product-type-simple"},"acf":[],"custom_product_id":"1137","_links":{"self":[{"href":"https:\/\/autostil.ba\/maloprodaja\/wp-json\/wp\/v2\/product\/137623","targetHints":{"allow":["GET"]}}],"collection":[{"href":"https:\/\/autostil.ba\/maloprodaja\/wp-json\/wp\/v2\/product"}],"about":[{"href":"https:\/\/autostil.ba\/maloprodaja\/wp-json\/wp\/v2\/types\/product"}],"replies":[{"embeddable":true,"href":"https:\/\/autostil.ba\/maloprodaja\/wp-json\/wp\/v2\/comments?post=137623"}],"version-history":[{"count":1,"href":"https:\/\/autostil.ba\/maloprodaja\/wp-json\/wp\/v2\/product\/137623\/revisions"}],"predecessor-version":[{"id":137625,"href":"https:\/\/autostil.ba\/maloprodaja\/wp-json\/wp\/v2\/product\/137623\/revisions\/137625"}],"wp:featuredmedia":[{"embeddable":true,"href":"https:\/\/autostil.ba\/maloprodaja\/wp-json\/wp\/v2\/media\/137624"}],"wp:attachment":[{"href":"https:\/\/autostil.ba\/maloprodaja\/wp-json\/wp\/v2\/media?parent=137623"}],"wp:term":[{"taxonomy":"product_brand","embeddable":true,"href":"https:\/\/autostil.ba\/maloprodaja\/wp-json\/wp\/v2\/product_brand?post=137623"},{"taxonomy":"product_cat","embeddable":true,"href":"https:\/\/autostil.ba\/maloprodaja\/wp-json\/wp\/v2\/product_cat?post=137623"},{"taxonomy":"product_tag","embeddable":true,"href":"https:\/\/autostil.ba\/maloprodaja\/wp-json\/wp\/v2\/product_tag?post=137623"}],"curies":[{"name":"wp","href":"https:\/\/api.w.org\/{rel}","templated":true}]}}