{"id":137543,"date":"2024-07-18T09:41:38","date_gmt":"2024-07-18T09:41:38","guid":{"rendered":"https:\/\/autostil.ba\/maloprodaja\/?post_type=product&#038;p=137543"},"modified":"2026-04-08T12:15:03","modified_gmt":"2026-04-08T10:15:03","slug":"euro-dzek-za-radio-univerzalni-zenski","status":"publish","type":"product","link":"https:\/\/autostil.ba\/maloprodaja\/proizvod\/1007\/euro-dzek-za-radio-univerzalni-zenski\/","title":{"rendered":"EURO D\u017dEK ZA RADIO UNIVERZALNI \u017dENSKI"},"content":{"rendered":"","protected":false},"excerpt":{"rendered":"<p>EURO D\u017dEK ZA RADIO UNIVERZALNI \u017dENSKI  D\u017dEK ZA AUTO RADIO &#8220;\u017dENSKI&#8221; PINOVI<\/p>\n","protected":false},"featured_media":137544,"comment_status":"open","ping_status":"closed","template":"","meta":{"_acf_changed":false,"inline_featured_image":false},"product_brand":[],"product_cat":[57],"product_tag":[],"class_list":{"0":"post-137543","1":"product","2":"type-product","3":"status-publish","4":"has-post-thumbnail","6":"product_cat-dzekovi-grla-instalacije-ponistavaci-greske","8":"first","9":"instock","10":"taxable","11":"shipping-taxable","12":"purchasable","13":"product-type-simple"},"acf":[],"custom_product_id":"1007","_links":{"self":[{"href":"https:\/\/autostil.ba\/maloprodaja\/wp-json\/wp\/v2\/product\/137543","targetHints":{"allow":["GET"]}}],"collection":[{"href":"https:\/\/autostil.ba\/maloprodaja\/wp-json\/wp\/v2\/product"}],"about":[{"href":"https:\/\/autostil.ba\/maloprodaja\/wp-json\/wp\/v2\/types\/product"}],"replies":[{"embeddable":true,"href":"https:\/\/autostil.ba\/maloprodaja\/wp-json\/wp\/v2\/comments?post=137543"}],"version-history":[{"count":1,"href":"https:\/\/autostil.ba\/maloprodaja\/wp-json\/wp\/v2\/product\/137543\/revisions"}],"predecessor-version":[{"id":137545,"href":"https:\/\/autostil.ba\/maloprodaja\/wp-json\/wp\/v2\/product\/137543\/revisions\/137545"}],"wp:featuredmedia":[{"embeddable":true,"href":"https:\/\/autostil.ba\/maloprodaja\/wp-json\/wp\/v2\/media\/137544"}],"wp:attachment":[{"href":"https:\/\/autostil.ba\/maloprodaja\/wp-json\/wp\/v2\/media?parent=137543"}],"wp:term":[{"taxonomy":"product_brand","embeddable":true,"href":"https:\/\/autostil.ba\/maloprodaja\/wp-json\/wp\/v2\/product_brand?post=137543"},{"taxonomy":"product_cat","embeddable":true,"href":"https:\/\/autostil.ba\/maloprodaja\/wp-json\/wp\/v2\/product_cat?post=137543"},{"taxonomy":"product_tag","embeddable":true,"href":"https:\/\/autostil.ba\/maloprodaja\/wp-json\/wp\/v2\/product_tag?post=137543"}],"curies":[{"name":"wp","href":"https:\/\/api.w.org\/{rel}","templated":true}]}}