{"id":137346,"date":"2024-07-18T09:41:28","date_gmt":"2024-07-18T07:41:28","guid":{"rendered":"https:\/\/autostil.ba\/maloprodaja\/?post_type=product&#038;p=137346"},"modified":"2026-04-08T12:14:51","modified_gmt":"2026-04-08T10:14:51","slug":"prah-za-zaptivanje-hladnjaka","status":"publish","type":"product","link":"https:\/\/autostil.ba\/maloprodaja\/proizvod\/137\/prah-za-zaptivanje-hladnjaka\/","title":{"rendered":"PRAH ZA ZAPTIVANJE HLADNJAKA"},"content":{"rendered":"","protected":false},"excerpt":{"rendered":"<p>PRAH ZA ZAPTIVANJE HLADNJAKA Sprje\u010dava curenje iz hladnjaka i efikasno djeluje na brze rezultate. Ne za\u010depljuje otvore ili hladnjak i ne ograni\u010dava u\u010dinkovitost rashladne te\u010dnosti. Sigurno je koristiti sa svim vrstama rashladnih sistema (uklju\u010duju\u0107i aluminij) i svim rashladnim fluidima.<\/p>\n","protected":false},"featured_media":137347,"comment_status":"open","ping_status":"closed","template":"","meta":{"_acf_changed":false,"inline_featured_image":false},"product_brand":[],"product_cat":[70],"product_tag":[],"class_list":{"0":"post-137346","1":"product","2":"type-product","3":"status-publish","4":"has-post-thumbnail","6":"product_cat-hemijska-sredstva-za-auto-servise","8":"first","9":"instock","10":"taxable","11":"shipping-taxable","12":"purchasable","13":"product-type-simple"},"acf":[],"custom_product_id":"137","_links":{"self":[{"href":"https:\/\/autostil.ba\/maloprodaja\/wp-json\/wp\/v2\/product\/137346","targetHints":{"allow":["GET"]}}],"collection":[{"href":"https:\/\/autostil.ba\/maloprodaja\/wp-json\/wp\/v2\/product"}],"about":[{"href":"https:\/\/autostil.ba\/maloprodaja\/wp-json\/wp\/v2\/types\/product"}],"replies":[{"embeddable":true,"href":"https:\/\/autostil.ba\/maloprodaja\/wp-json\/wp\/v2\/comments?post=137346"}],"version-history":[{"count":1,"href":"https:\/\/autostil.ba\/maloprodaja\/wp-json\/wp\/v2\/product\/137346\/revisions"}],"predecessor-version":[{"id":137348,"href":"https:\/\/autostil.ba\/maloprodaja\/wp-json\/wp\/v2\/product\/137346\/revisions\/137348"}],"wp:featuredmedia":[{"embeddable":true,"href":"https:\/\/autostil.ba\/maloprodaja\/wp-json\/wp\/v2\/media\/137347"}],"wp:attachment":[{"href":"https:\/\/autostil.ba\/maloprodaja\/wp-json\/wp\/v2\/media?parent=137346"}],"wp:term":[{"taxonomy":"product_brand","embeddable":true,"href":"https:\/\/autostil.ba\/maloprodaja\/wp-json\/wp\/v2\/product_brand?post=137346"},{"taxonomy":"product_cat","embeddable":true,"href":"https:\/\/autostil.ba\/maloprodaja\/wp-json\/wp\/v2\/product_cat?post=137346"},{"taxonomy":"product_tag","embeddable":true,"href":"https:\/\/autostil.ba\/maloprodaja\/wp-json\/wp\/v2\/product_tag?post=137346"}],"curies":[{"name":"wp","href":"https:\/\/api.w.org\/{rel}","templated":true}]}}