{"id":137292,"date":"2025-10-11T10:22:51","date_gmt":"2025-10-11T08:22:51","guid":{"rendered":"https:\/\/autostil.ba\/maloprodaja\/?post_type=product&#038;p=137292"},"modified":"2026-04-08T12:14:51","modified_gmt":"2026-04-08T10:14:51","slug":"sredstvo-za-ciscenje-klime-150ml-amtra-new-car","status":"publish","type":"product","link":"https:\/\/autostil.ba\/maloprodaja\/proizvod\/5658\/sredstvo-za-ciscenje-klime-150ml-amtra-new-car\/","title":{"rendered":"SREDSTVO ZA \u010cI\u0160\u0106ENJE KLIME 150ml AMTRA NEW CAR"},"content":{"rendered":"","protected":false},"excerpt":{"rendered":"<p>SREDSTVO ZA \u010cI\u0160\u0106ENJE KLIME 150ml AMTRA NEW CAR Osvje\u017eiva\u010d zraka i sredstvo za \u010di\u0161\u0107enje klime. U\u010dinkovita priprema za osvje\u017eavanje i \u010di\u0161\u0107enje sistema za dovod zraka i ventilaciju u vozilima.<br \/>\nOsve\u017eiva\u010d za automobilski sistem klimatizacije. U\u010dinkovita formula za osvje\u017eavanje i \u010di\u0161\u0107enje automobilskih klima i ventilacionih sistema. Ubija neugodan miris uzrokovan nakupljenom prljav\u0161tinom i inhibira razvoj bakterija i gljivica. Aktivan nakon samo 10 minuta.<\/p>\n","protected":false},"featured_media":137293,"comment_status":"open","ping_status":"closed","template":"","meta":{"_acf_changed":false,"inline_featured_image":false},"product_brand":[],"product_cat":[73],"product_tag":[],"class_list":{"0":"post-137292","1":"product","2":"type-product","3":"status-publish","4":"has-post-thumbnail","6":"product_cat-sredstva-za-pranje-i-odrzavanje","8":"first","9":"instock","10":"taxable","11":"shipping-taxable","12":"purchasable","13":"product-type-simple"},"acf":[],"custom_product_id":"5658","_links":{"self":[{"href":"https:\/\/autostil.ba\/maloprodaja\/wp-json\/wp\/v2\/product\/137292","targetHints":{"allow":["GET"]}}],"collection":[{"href":"https:\/\/autostil.ba\/maloprodaja\/wp-json\/wp\/v2\/product"}],"about":[{"href":"https:\/\/autostil.ba\/maloprodaja\/wp-json\/wp\/v2\/types\/product"}],"replies":[{"embeddable":true,"href":"https:\/\/autostil.ba\/maloprodaja\/wp-json\/wp\/v2\/comments?post=137292"}],"version-history":[{"count":1,"href":"https:\/\/autostil.ba\/maloprodaja\/wp-json\/wp\/v2\/product\/137292\/revisions"}],"predecessor-version":[{"id":137294,"href":"https:\/\/autostil.ba\/maloprodaja\/wp-json\/wp\/v2\/product\/137292\/revisions\/137294"}],"wp:featuredmedia":[{"embeddable":true,"href":"https:\/\/autostil.ba\/maloprodaja\/wp-json\/wp\/v2\/media\/137293"}],"wp:attachment":[{"href":"https:\/\/autostil.ba\/maloprodaja\/wp-json\/wp\/v2\/media?parent=137292"}],"wp:term":[{"taxonomy":"product_brand","embeddable":true,"href":"https:\/\/autostil.ba\/maloprodaja\/wp-json\/wp\/v2\/product_brand?post=137292"},{"taxonomy":"product_cat","embeddable":true,"href":"https:\/\/autostil.ba\/maloprodaja\/wp-json\/wp\/v2\/product_cat?post=137292"},{"taxonomy":"product_tag","embeddable":true,"href":"https:\/\/autostil.ba\/maloprodaja\/wp-json\/wp\/v2\/product_tag?post=137292"}],"curies":[{"name":"wp","href":"https:\/\/api.w.org\/{rel}","templated":true}]}}