{"id":137242,"date":"2025-11-19T14:56:48","date_gmt":"2025-11-19T12:56:48","guid":{"rendered":"https:\/\/autostil.ba\/maloprodaja\/?post_type=product&#038;p=137242"},"modified":"2026-04-08T12:14:51","modified_gmt":"2026-04-08T10:14:51","slug":"kofer-za-krovni-nosac-g3-spark-eco480-sivi-390l-195x74x36cm","status":"publish","type":"product","link":"https:\/\/autostil.ba\/maloprodaja\/proizvod\/5284\/kofer-za-krovni-nosac-g3-spark-eco480-sivi-390l-195x74x36cm\/","title":{"rendered":"KOFER ZA KROVNI NOSA\u010c G3 SPARK ECO480 SIVI 390L 195X74X36cm"},"content":{"rendered":"","protected":false},"excerpt":{"rendered":"<p>Dimenzije: du\u017eina 1950 mm, \u0161irina 738 mm, visina 360 mm.<br \/>\nUnutra\u0161nja du\u017eina 350 mm, unutra\u0161nja \u0161irina 678 mm, unutra\u0161nja visina 1860 mm. Prava testirana zapremina 390 l.<br \/>\nBoja svijetlosiva. Neto te\u017eina 13 kg, bruto te\u017eina 16,5 kg. Maksimalno optere\u0107enje 75 kg. Otvaranje sa desne strane. Brava jedna centralizovana.<\/p>\n","protected":false},"featured_media":137243,"comment_status":"open","ping_status":"closed","template":"","meta":{"_acf_changed":false,"inline_featured_image":false},"product_brand":[],"product_cat":[153],"product_tag":[],"class_list":{"0":"post-137242","1":"product","2":"type-product","3":"status-publish","4":"has-post-thumbnail","6":"product_cat-krovni-koferi","8":"first","9":"instock","10":"taxable","11":"shipping-taxable","12":"purchasable","13":"product-type-simple"},"acf":[],"custom_product_id":"5284","_links":{"self":[{"href":"https:\/\/autostil.ba\/maloprodaja\/wp-json\/wp\/v2\/product\/137242","targetHints":{"allow":["GET"]}}],"collection":[{"href":"https:\/\/autostil.ba\/maloprodaja\/wp-json\/wp\/v2\/product"}],"about":[{"href":"https:\/\/autostil.ba\/maloprodaja\/wp-json\/wp\/v2\/types\/product"}],"replies":[{"embeddable":true,"href":"https:\/\/autostil.ba\/maloprodaja\/wp-json\/wp\/v2\/comments?post=137242"}],"version-history":[{"count":2,"href":"https:\/\/autostil.ba\/maloprodaja\/wp-json\/wp\/v2\/product\/137242\/revisions"}],"predecessor-version":[{"id":793052179,"href":"https:\/\/autostil.ba\/maloprodaja\/wp-json\/wp\/v2\/product\/137242\/revisions\/793052179"}],"wp:featuredmedia":[{"embeddable":true,"href":"https:\/\/autostil.ba\/maloprodaja\/wp-json\/wp\/v2\/media\/137243"}],"wp:attachment":[{"href":"https:\/\/autostil.ba\/maloprodaja\/wp-json\/wp\/v2\/media?parent=137242"}],"wp:term":[{"taxonomy":"product_brand","embeddable":true,"href":"https:\/\/autostil.ba\/maloprodaja\/wp-json\/wp\/v2\/product_brand?post=137242"},{"taxonomy":"product_cat","embeddable":true,"href":"https:\/\/autostil.ba\/maloprodaja\/wp-json\/wp\/v2\/product_cat?post=137242"},{"taxonomy":"product_tag","embeddable":true,"href":"https:\/\/autostil.ba\/maloprodaja\/wp-json\/wp\/v2\/product_tag?post=137242"}],"curies":[{"name":"wp","href":"https:\/\/api.w.org\/{rel}","templated":true}]}}