{"id":137172,"date":"2026-02-05T14:36:45","date_gmt":"2026-02-05T12:36:45","guid":{"rendered":"https:\/\/autostil.ba\/maloprodaja\/?post_type=product&#038;p=137172"},"modified":"2026-04-08T12:14:45","modified_gmt":"2026-04-08T10:14:45","slug":"brisaci-bosch-a925s-skoda-superb-01-04-vw-passat-5-01-05","status":"publish","type":"product","link":"https:\/\/autostil.ba\/maloprodaja\/proizvod\/11026\/brisaci-bosch-a925s-skoda-superb-01-04-vw-passat-5-01-05\/","title":{"rendered":"BRISA\u010cI BOSCH A925S \u0160KODA SUPERB 01-04, VW PASSAT 5+ 01-05"},"content":{"rendered":"","protected":false},"excerpt":{"rendered":"<p>BRISA\u010cI BOSCH A925S \u0160KODA SUPERB 01-04, VW PASSAT 5+ 01-05;<br \/>\nTehnologija izrade gume za brisa\u010de Power Protection Plus<br \/>\n2 paralelne trake s oprugama visoke tehnologije<br \/>\nPredmontirani originalni adapter<br \/>\nVoza\u010deva strana<br \/>\n530 mm<br \/>\nStrana suvoza\u010d.<br \/>\n530 mm<\/p>\n","protected":false},"featured_media":137173,"comment_status":"open","ping_status":"closed","template":"","meta":{"_acf_changed":false,"inline_featured_image":false},"product_brand":[],"product_cat":[174],"product_tag":[],"class_list":{"0":"post-137172","1":"product","2":"type-product","3":"status-publish","4":"has-post-thumbnail","6":"product_cat-metlice-brisaca-bosch","8":"first","9":"instock","10":"taxable","11":"shipping-taxable","12":"purchasable","13":"product-type-simple"},"acf":[],"custom_product_id":"11026","_links":{"self":[{"href":"https:\/\/autostil.ba\/maloprodaja\/wp-json\/wp\/v2\/product\/137172","targetHints":{"allow":["GET"]}}],"collection":[{"href":"https:\/\/autostil.ba\/maloprodaja\/wp-json\/wp\/v2\/product"}],"about":[{"href":"https:\/\/autostil.ba\/maloprodaja\/wp-json\/wp\/v2\/types\/product"}],"replies":[{"embeddable":true,"href":"https:\/\/autostil.ba\/maloprodaja\/wp-json\/wp\/v2\/comments?post=137172"}],"version-history":[{"count":2,"href":"https:\/\/autostil.ba\/maloprodaja\/wp-json\/wp\/v2\/product\/137172\/revisions"}],"predecessor-version":[{"id":793054650,"href":"https:\/\/autostil.ba\/maloprodaja\/wp-json\/wp\/v2\/product\/137172\/revisions\/793054650"}],"wp:featuredmedia":[{"embeddable":true,"href":"https:\/\/autostil.ba\/maloprodaja\/wp-json\/wp\/v2\/media\/137173"}],"wp:attachment":[{"href":"https:\/\/autostil.ba\/maloprodaja\/wp-json\/wp\/v2\/media?parent=137172"}],"wp:term":[{"taxonomy":"product_brand","embeddable":true,"href":"https:\/\/autostil.ba\/maloprodaja\/wp-json\/wp\/v2\/product_brand?post=137172"},{"taxonomy":"product_cat","embeddable":true,"href":"https:\/\/autostil.ba\/maloprodaja\/wp-json\/wp\/v2\/product_cat?post=137172"},{"taxonomy":"product_tag","embeddable":true,"href":"https:\/\/autostil.ba\/maloprodaja\/wp-json\/wp\/v2\/product_tag?post=137172"}],"curies":[{"name":"wp","href":"https:\/\/api.w.org\/{rel}","templated":true}]}}