{"id":137092,"date":"2024-07-18T08:29:40","date_gmt":"2024-07-18T06:29:40","guid":{"rendered":"https:\/\/autostil.ba\/maloprodaja\/?post_type=product&#038;p=137092"},"modified":"2026-04-24T16:00:32","modified_gmt":"2026-04-24T14:00:32","slug":"brisaci-bosch-653s-santa-fe-18-sportage-16-cx-30-19-qashqai-13-206kadjar-15-17rav-4-12","status":"publish","type":"product","link":"https:\/\/autostil.ba\/maloprodaja\/proizvod\/12638\/brisaci-bosch-653s-santa-fe-18-sportage-16-cx-30-19-qashqai-13-206kadjar-15-17rav-4-12\/","title":{"rendered":"BRISA\u010cI BOSCH 653S SANTA FE 18-,SPORTAGE 16-,CX-30 19-,QASHQAI 13-,206+,KADJAR 15-17,RAV 4 12-"},"content":{"rendered":"","protected":false},"excerpt":{"rendered":"<p>BRISA\u010cI BOSCH 653S. Tehnologija izrade gume za brisa\u010de Power Protection Plus. 2 paralelne trake s oprugama visoke tehnologije. Predmontirani originalni adapter. Voza\u010deva strana: 650 mm; Strana suvoza\u010d: 400 mm.  ODGOVARA NA VOZILA: HONDA CR-V 2006-2016; HYUNDAI: ACCENT 2011-, CRETA 2016-, I30 2016-, I40 2011-, KONA 2017-, NEXO 2018-, SANTA FE 2018-, SOLARIS 2011-, TUCSON 2013-; KIA: CARENS 2006-2012, CEED\/PRO CEED 2018-, NIRO\/E NIRO 2016-, RIO 2011-, SORENTO 2015-, SPORTAGE 2016-; MAZDA: CX-7 2006-, CX-30 2019-, 3 2018-, 5 2005-; NISSAN: LEAF 2010-, QASHQAI 2013-, TEANA 2008-, X-TRAIL 2014-; PEUGEOT: 206 1998-2010, 206+ 2009-2013; RENAULT: KADJAR 2015-2017, KOLEOS 2017-; TOYOTA: AVENSIS VERSO 2001-2009, COROLLA VERSO 2004-2009, PRIUS 2003-, RAV4 2012-.<\/p>\n","protected":false},"featured_media":137093,"comment_status":"open","ping_status":"closed","template":"","meta":{"_acf_changed":false,"inline_featured_image":false},"product_brand":[],"product_cat":[174],"product_tag":[],"class_list":{"0":"post-137092","1":"product","2":"type-product","3":"status-publish","4":"has-post-thumbnail","6":"product_cat-metlice-brisaca-bosch","8":"first","9":"instock","10":"taxable","11":"shipping-taxable","12":"purchasable","13":"product-type-simple"},"acf":[],"custom_product_id":"12638","_links":{"self":[{"href":"https:\/\/autostil.ba\/maloprodaja\/wp-json\/wp\/v2\/product\/137092","targetHints":{"allow":["GET"]}}],"collection":[{"href":"https:\/\/autostil.ba\/maloprodaja\/wp-json\/wp\/v2\/product"}],"about":[{"href":"https:\/\/autostil.ba\/maloprodaja\/wp-json\/wp\/v2\/types\/product"}],"replies":[{"embeddable":true,"href":"https:\/\/autostil.ba\/maloprodaja\/wp-json\/wp\/v2\/comments?post=137092"}],"version-history":[{"count":1,"href":"https:\/\/autostil.ba\/maloprodaja\/wp-json\/wp\/v2\/product\/137092\/revisions"}],"predecessor-version":[{"id":137094,"href":"https:\/\/autostil.ba\/maloprodaja\/wp-json\/wp\/v2\/product\/137092\/revisions\/137094"}],"wp:featuredmedia":[{"embeddable":true,"href":"https:\/\/autostil.ba\/maloprodaja\/wp-json\/wp\/v2\/media\/137093"}],"wp:attachment":[{"href":"https:\/\/autostil.ba\/maloprodaja\/wp-json\/wp\/v2\/media?parent=137092"}],"wp:term":[{"taxonomy":"product_brand","embeddable":true,"href":"https:\/\/autostil.ba\/maloprodaja\/wp-json\/wp\/v2\/product_brand?post=137092"},{"taxonomy":"product_cat","embeddable":true,"href":"https:\/\/autostil.ba\/maloprodaja\/wp-json\/wp\/v2\/product_cat?post=137092"},{"taxonomy":"product_tag","embeddable":true,"href":"https:\/\/autostil.ba\/maloprodaja\/wp-json\/wp\/v2\/product_tag?post=137092"}],"curies":[{"name":"wp","href":"https:\/\/api.w.org\/{rel}","templated":true}]}}