{"id":136972,"date":"2025-06-06T12:50:34","date_gmt":"2025-06-06T10:50:34","guid":{"rendered":"https:\/\/autostil.ba\/maloprodaja\/?post_type=product&#038;p=136972"},"modified":"2026-04-08T12:14:34","modified_gmt":"2026-04-08T10:14:34","slug":"parking-senzori-zadnji-sa-displejom-valeo","status":"publish","type":"product","link":"https:\/\/autostil.ba\/maloprodaja\/proizvod\/12637\/parking-senzori-zadnji-sa-displejom-valeo\/","title":{"rendered":"PARKING SENZORI ZADNJI SA DISPLEJOM VALEO"},"content":{"rendered":"","protected":false},"excerpt":{"rendered":"<p>Broj senzora: 4; Strana ugradnje: napred \/ pozadi; Boja: crna; Vrsta senzora: ultrazvu\u010dni senzor; Oprema vozila: za vozila sa ure\u0111ajem za vu\u010du; Indikacija: sa LCD-displejom u boji;<br \/>\nNominalni napon: 12V; Radijus dejstva: 0,1m &#8211; 1,7m; Za \u0161irinu vozila: do 2,2m; Pode\u0161avanje visine: 40cm &#8211; 65cm; Ugao osvetljavanja senzora: 0 &#8211; 5 stepeni; Aktiviranje pomo\u0107i pri parkiranju sa funkcijom zvu\u010dnog upozorenja; Aktiviranje pomo\u0107i pri parkiranju sa ukidanjem zvuka za auto-radio: Programiranje parametara, PPS (pomo\u0107 pri parkiranju); Ure\u0111aj za vu\u010du sa automatskim isklju\u010denjem pomo\u0107i za parkiranje; Aktiviranje opcionalno preko prekida\u010da; DIN\/ISO 17386; Hem. karakteristika: mo\u017ee se lakirati; Aktiviranje preko hoda unazad; Te\u017eina: 1,22 kg.<\/p>\n","protected":false},"featured_media":136973,"comment_status":"open","ping_status":"closed","template":"","meta":{"_acf_changed":false,"inline_featured_image":false},"product_brand":[],"product_cat":[137],"product_tag":[],"class_list":{"0":"post-136972","1":"product","2":"type-product","3":"status-publish","4":"has-post-thumbnail","6":"product_cat-parking-senzori","8":"first","9":"instock","10":"taxable","11":"shipping-taxable","12":"purchasable","13":"product-type-simple"},"acf":[],"custom_product_id":"12637","_links":{"self":[{"href":"https:\/\/autostil.ba\/maloprodaja\/wp-json\/wp\/v2\/product\/136972","targetHints":{"allow":["GET"]}}],"collection":[{"href":"https:\/\/autostil.ba\/maloprodaja\/wp-json\/wp\/v2\/product"}],"about":[{"href":"https:\/\/autostil.ba\/maloprodaja\/wp-json\/wp\/v2\/types\/product"}],"replies":[{"embeddable":true,"href":"https:\/\/autostil.ba\/maloprodaja\/wp-json\/wp\/v2\/comments?post=136972"}],"version-history":[{"count":2,"href":"https:\/\/autostil.ba\/maloprodaja\/wp-json\/wp\/v2\/product\/136972\/revisions"}],"predecessor-version":[{"id":793050500,"href":"https:\/\/autostil.ba\/maloprodaja\/wp-json\/wp\/v2\/product\/136972\/revisions\/793050500"}],"wp:featuredmedia":[{"embeddable":true,"href":"https:\/\/autostil.ba\/maloprodaja\/wp-json\/wp\/v2\/media\/136973"}],"wp:attachment":[{"href":"https:\/\/autostil.ba\/maloprodaja\/wp-json\/wp\/v2\/media?parent=136972"}],"wp:term":[{"taxonomy":"product_brand","embeddable":true,"href":"https:\/\/autostil.ba\/maloprodaja\/wp-json\/wp\/v2\/product_brand?post=136972"},{"taxonomy":"product_cat","embeddable":true,"href":"https:\/\/autostil.ba\/maloprodaja\/wp-json\/wp\/v2\/product_cat?post=136972"},{"taxonomy":"product_tag","embeddable":true,"href":"https:\/\/autostil.ba\/maloprodaja\/wp-json\/wp\/v2\/product_tag?post=136972"}],"curies":[{"name":"wp","href":"https:\/\/api.w.org\/{rel}","templated":true}]}}