{"id":136942,"date":"2024-07-18T08:29:33","date_gmt":"2024-07-18T06:29:33","guid":{"rendered":"https:\/\/autostil.ba\/maloprodaja\/?post_type=product&#038;p=136942"},"modified":"2026-04-08T12:14:34","modified_gmt":"2026-04-08T10:14:34","slug":"patosnice-gumene-tipske-vw-golf-v-vi-2003-2013-sa-okruglim-fiksatorima-2","status":"publish","type":"product","link":"https:\/\/autostil.ba\/maloprodaja\/proizvod\/13357\/patosnice-gumene-tipske-vw-golf-v-vi-2003-2013-sa-okruglim-fiksatorima-2\/","title":{"rendered":"PATOSNICE GUMENE TIPSKE VW GOLF V\/VI 2003-2013 SA OKRUGLIM FIKSATORIMA"},"content":{"rendered":"","protected":false},"excerpt":{"rendered":"<p>Ove gumene patosnice se lako \u010diste i jedinstvenog su dizajna. Savr\u0161eno skrojene i kvalitetno izra\u0111ene sa ta\u010dkama za pri\u010dvr\u0161\u0107ivanje. Mjere su potpune i odgovaraju 100% vozilu, jer se svaki detalj uzima u obzir.<\/p>\n","protected":false},"featured_media":136943,"comment_status":"open","ping_status":"closed","template":"","meta":{"_acf_changed":false,"inline_featured_image":false},"product_brand":[],"product_cat":[30],"product_tag":[],"class_list":{"0":"post-136942","1":"product","2":"type-product","3":"status-publish","4":"has-post-thumbnail","6":"product_cat-auto-patosnice-tipske","7":"pa_brend-volkswagen","8":"pa_materijal-gumene","10":"first","11":"instock","12":"taxable","13":"shipping-taxable","14":"purchasable","15":"product-type-simple"},"acf":[],"custom_product_id":"13357","_links":{"self":[{"href":"https:\/\/autostil.ba\/maloprodaja\/wp-json\/wp\/v2\/product\/136942","targetHints":{"allow":["GET"]}}],"collection":[{"href":"https:\/\/autostil.ba\/maloprodaja\/wp-json\/wp\/v2\/product"}],"about":[{"href":"https:\/\/autostil.ba\/maloprodaja\/wp-json\/wp\/v2\/types\/product"}],"replies":[{"embeddable":true,"href":"https:\/\/autostil.ba\/maloprodaja\/wp-json\/wp\/v2\/comments?post=136942"}],"version-history":[{"count":1,"href":"https:\/\/autostil.ba\/maloprodaja\/wp-json\/wp\/v2\/product\/136942\/revisions"}],"predecessor-version":[{"id":136944,"href":"https:\/\/autostil.ba\/maloprodaja\/wp-json\/wp\/v2\/product\/136942\/revisions\/136944"}],"wp:featuredmedia":[{"embeddable":true,"href":"https:\/\/autostil.ba\/maloprodaja\/wp-json\/wp\/v2\/media\/136943"}],"wp:attachment":[{"href":"https:\/\/autostil.ba\/maloprodaja\/wp-json\/wp\/v2\/media?parent=136942"}],"wp:term":[{"taxonomy":"product_brand","embeddable":true,"href":"https:\/\/autostil.ba\/maloprodaja\/wp-json\/wp\/v2\/product_brand?post=136942"},{"taxonomy":"product_cat","embeddable":true,"href":"https:\/\/autostil.ba\/maloprodaja\/wp-json\/wp\/v2\/product_cat?post=136942"},{"taxonomy":"product_tag","embeddable":true,"href":"https:\/\/autostil.ba\/maloprodaja\/wp-json\/wp\/v2\/product_tag?post=136942"}],"curies":[{"name":"wp","href":"https:\/\/api.w.org\/{rel}","templated":true}]}}