{"id":136872,"date":"2024-07-18T08:29:28","date_gmt":"2024-07-18T08:29:28","guid":{"rendered":"https:\/\/autostil.ba\/maloprodaja\/?post_type=product&#038;p=136872"},"modified":"2026-04-08T12:14:28","modified_gmt":"2026-04-08T10:14:28","slug":"patosnice-gumene-tipske-mercedes-e-klasa-w211-2001-2009-sa-fiksatorima","status":"publish","type":"product","link":"https:\/\/autostil.ba\/maloprodaja\/proizvod\/13354\/patosnice-gumene-tipske-mercedes-e-klasa-w211-2001-2009-sa-fiksatorima\/","title":{"rendered":"PATOSNICE GUMENE TIPSKE MERCEDES E KLASA W211 2001-2009 SA FIKSATORIMA"},"content":{"rendered":"","protected":false},"excerpt":{"rendered":"<p>Ove gumene patosnice se lako \u010diste i jedinstvenog su dizajna. Savr\u0161eno skrojene i kvalitetno izra\u0111ene sa ta\u010dkama za pri\u010dvr\u0161\u0107ivanje. Mjere su potpune i odgovaraju 100% vozilu, jer se svaki detalj uzima u obzir.<\/p>\n","protected":false},"featured_media":136873,"comment_status":"open","ping_status":"closed","template":"","meta":{"_acf_changed":false,"inline_featured_image":false},"product_brand":[],"product_cat":[30],"product_tag":[],"class_list":{"0":"post-136872","1":"product","2":"type-product","3":"status-publish","4":"has-post-thumbnail","6":"product_cat-auto-patosnice-tipske","7":"pa_brend-mercedes","8":"pa_materijal-gumene","10":"first","11":"instock","12":"taxable","13":"shipping-taxable","14":"purchasable","15":"product-type-simple"},"acf":[],"custom_product_id":"13354","_links":{"self":[{"href":"https:\/\/autostil.ba\/maloprodaja\/wp-json\/wp\/v2\/product\/136872","targetHints":{"allow":["GET"]}}],"collection":[{"href":"https:\/\/autostil.ba\/maloprodaja\/wp-json\/wp\/v2\/product"}],"about":[{"href":"https:\/\/autostil.ba\/maloprodaja\/wp-json\/wp\/v2\/types\/product"}],"replies":[{"embeddable":true,"href":"https:\/\/autostil.ba\/maloprodaja\/wp-json\/wp\/v2\/comments?post=136872"}],"version-history":[{"count":1,"href":"https:\/\/autostil.ba\/maloprodaja\/wp-json\/wp\/v2\/product\/136872\/revisions"}],"predecessor-version":[{"id":136874,"href":"https:\/\/autostil.ba\/maloprodaja\/wp-json\/wp\/v2\/product\/136872\/revisions\/136874"}],"wp:featuredmedia":[{"embeddable":true,"href":"https:\/\/autostil.ba\/maloprodaja\/wp-json\/wp\/v2\/media\/136873"}],"wp:attachment":[{"href":"https:\/\/autostil.ba\/maloprodaja\/wp-json\/wp\/v2\/media?parent=136872"}],"wp:term":[{"taxonomy":"product_brand","embeddable":true,"href":"https:\/\/autostil.ba\/maloprodaja\/wp-json\/wp\/v2\/product_brand?post=136872"},{"taxonomy":"product_cat","embeddable":true,"href":"https:\/\/autostil.ba\/maloprodaja\/wp-json\/wp\/v2\/product_cat?post=136872"},{"taxonomy":"product_tag","embeddable":true,"href":"https:\/\/autostil.ba\/maloprodaja\/wp-json\/wp\/v2\/product_tag?post=136872"}],"curies":[{"name":"wp","href":"https:\/\/api.w.org\/{rel}","templated":true}]}}