{"id":136242,"date":"2024-07-18T12:28:58","date_gmt":"2024-07-18T10:28:58","guid":{"rendered":"https:\/\/autostil.ba\/maloprodaja\/?post_type=product&#038;p=136242"},"modified":"2026-04-08T12:14:10","modified_gmt":"2026-04-08T10:14:10","slug":"podmetac-za-gepek-gumeni-tipski-peugeot-308-hb-2021-gledring","status":"publish","type":"product","link":"https:\/\/autostil.ba\/maloprodaja\/proizvod\/12105\/podmetac-za-gepek-gumeni-tipski-peugeot-308-hb-2021-gledring\/","title":{"rendered":"PODMETA\u010c ZA GEPEK GUMENI TIPSKI PEUGEOT 308 HB 2021- (GLEDRING)"},"content":{"rendered":"","protected":false},"excerpt":{"rendered":"<p>Gledring custum fit prostirke za prtlja\u017enik su dizajnerske prostirke od visokokvalitetnog materijala Rubbasol. Materijal Rubbasol je razvijen samo za kompaniju Gledring i trenutno je najkvalitetniji i naj\u010distiji materijal na tr\u017ei\u0161tu u automobilskoj industriji. Materijal bez mirisa ima sve potrebne certifikate, uklju\u010duju\u0107i i certifikat za hranu. Osigurava dug vijek trajanja. Prostirke za prtlja\u017enik imaju vrlo elegantnu ivicu od 2 cm, koja zbog preciznog mjerenja u potpunosti pristaje uz prtlja\u017enik. Prljav\u0161tina ne mo\u017ee do\u0107i ni na jedno mjesto gdje ne bi trebala biti. Rub prostirke za prtlja\u017enik Gledring mo\u017ee primiti do 10l teku\u0107ine i savr\u0161eno je rje\u0161enje za sve koji \u010desto koriste svoj prtlja\u017enik. 90* ugao vanjske ivice omogu\u0107ava puno kori\u0161tenje prtlja\u017enika. U drugim slu\u010dajevima, nagnuta ivica smanjuje kapacitet zapremine prtlja\u017enika. Svi Gledring dizajni proizvoda su napravljeni za lako \u010di\u0161\u0107enje, jer je va\u017eno da su proizvodi upotrebljivi, prakti\u010dni i da istovremeno \u010dine izgled vozila elegantnijim i ljep\u0161im. I gumene prostirke za prtlja\u017enik su napravljene sa istim konceptom lakog \u010di\u0161\u0107enja.Oblik gumene prostirke za prtlja\u017enik je 100% prilago\u0111en prtlja\u017eniku, zbog precizno izvedenih mera.<\/p>\n","protected":false},"featured_media":793045861,"comment_status":"open","ping_status":"closed","template":"","meta":{"_acf_changed":false,"inline_featured_image":false},"product_brand":[],"product_cat":[161],"product_tag":[],"class_list":{"0":"post-136242","1":"product","2":"type-product","3":"status-publish","4":"has-post-thumbnail","6":"product_cat-podmetaci-za-gepek-tipski","7":"pa_brend-peugeot","9":"first","10":"instock","11":"taxable","12":"shipping-taxable","13":"purchasable","14":"product-type-simple"},"acf":[],"custom_product_id":"12105","_links":{"self":[{"href":"https:\/\/autostil.ba\/maloprodaja\/wp-json\/wp\/v2\/product\/136242","targetHints":{"allow":["GET"]}}],"collection":[{"href":"https:\/\/autostil.ba\/maloprodaja\/wp-json\/wp\/v2\/product"}],"about":[{"href":"https:\/\/autostil.ba\/maloprodaja\/wp-json\/wp\/v2\/types\/product"}],"replies":[{"embeddable":true,"href":"https:\/\/autostil.ba\/maloprodaja\/wp-json\/wp\/v2\/comments?post=136242"}],"version-history":[{"count":1,"href":"https:\/\/autostil.ba\/maloprodaja\/wp-json\/wp\/v2\/product\/136242\/revisions"}],"predecessor-version":[{"id":136244,"href":"https:\/\/autostil.ba\/maloprodaja\/wp-json\/wp\/v2\/product\/136242\/revisions\/136244"}],"wp:featuredmedia":[{"embeddable":true,"href":"https:\/\/autostil.ba\/maloprodaja\/wp-json\/wp\/v2\/media\/793045861"}],"wp:attachment":[{"href":"https:\/\/autostil.ba\/maloprodaja\/wp-json\/wp\/v2\/media?parent=136242"}],"wp:term":[{"taxonomy":"product_brand","embeddable":true,"href":"https:\/\/autostil.ba\/maloprodaja\/wp-json\/wp\/v2\/product_brand?post=136242"},{"taxonomy":"product_cat","embeddable":true,"href":"https:\/\/autostil.ba\/maloprodaja\/wp-json\/wp\/v2\/product_cat?post=136242"},{"taxonomy":"product_tag","embeddable":true,"href":"https:\/\/autostil.ba\/maloprodaja\/wp-json\/wp\/v2\/product_tag?post=136242"}],"curies":[{"name":"wp","href":"https:\/\/api.w.org\/{rel}","templated":true}]}}