{"id":134642,"date":"2024-07-18T08:27:42","date_gmt":"2024-07-18T06:27:42","guid":{"rendered":"https:\/\/autostil.ba\/maloprodaja\/?post_type=product&#038;p=134642"},"modified":"2026-04-08T12:12:45","modified_gmt":"2026-04-08T10:12:45","slug":"auto-patosnice-tepih-tipske-nissan-note-od-2012-do-2020","status":"publish","type":"product","link":"https:\/\/autostil.ba\/maloprodaja\/proizvod\/11281\/auto-patosnice-tepih-tipske-nissan-note-od-2012-do-2020\/","title":{"rendered":"PATOSNICE TEPIH TIPSKE NISSAN NOTE 2012-2020"},"content":{"rendered":"","protected":false},"excerpt":{"rendered":"<p>Tipske tepih patosnice izra\u0111ene su od visokokvalitetnog materijala i prema odre\u0111enom modelu automobila. Podloga onemogu\u0107ava klizanje patosnice.<\/p>\n","protected":false},"featured_media":793050064,"comment_status":"open","ping_status":"closed","template":"","meta":{"_acf_changed":false,"inline_featured_image":false},"product_brand":[],"product_cat":[30],"product_tag":[],"class_list":{"0":"post-134642","1":"product","2":"type-product","3":"status-publish","4":"has-post-thumbnail","6":"product_cat-auto-patosnice-tipske","7":"pa_brend-nissan","8":"pa_materijal-platnene","10":"first","11":"instock","12":"taxable","13":"shipping-taxable","14":"purchasable","15":"product-type-simple"},"acf":[],"custom_product_id":"11281","_links":{"self":[{"href":"https:\/\/autostil.ba\/maloprodaja\/wp-json\/wp\/v2\/product\/134642","targetHints":{"allow":["GET"]}}],"collection":[{"href":"https:\/\/autostil.ba\/maloprodaja\/wp-json\/wp\/v2\/product"}],"about":[{"href":"https:\/\/autostil.ba\/maloprodaja\/wp-json\/wp\/v2\/types\/product"}],"replies":[{"embeddable":true,"href":"https:\/\/autostil.ba\/maloprodaja\/wp-json\/wp\/v2\/comments?post=134642"}],"version-history":[{"count":2,"href":"https:\/\/autostil.ba\/maloprodaja\/wp-json\/wp\/v2\/product\/134642\/revisions"}],"predecessor-version":[{"id":793050025,"href":"https:\/\/autostil.ba\/maloprodaja\/wp-json\/wp\/v2\/product\/134642\/revisions\/793050025"}],"wp:featuredmedia":[{"embeddable":true,"href":"https:\/\/autostil.ba\/maloprodaja\/wp-json\/wp\/v2\/media\/793050064"}],"wp:attachment":[{"href":"https:\/\/autostil.ba\/maloprodaja\/wp-json\/wp\/v2\/media?parent=134642"}],"wp:term":[{"taxonomy":"product_brand","embeddable":true,"href":"https:\/\/autostil.ba\/maloprodaja\/wp-json\/wp\/v2\/product_brand?post=134642"},{"taxonomy":"product_cat","embeddable":true,"href":"https:\/\/autostil.ba\/maloprodaja\/wp-json\/wp\/v2\/product_cat?post=134642"},{"taxonomy":"product_tag","embeddable":true,"href":"https:\/\/autostil.ba\/maloprodaja\/wp-json\/wp\/v2\/product_tag?post=134642"}],"curies":[{"name":"wp","href":"https:\/\/api.w.org\/{rel}","templated":true}]}}