{"id":134222,"date":"2025-08-29T15:46:24","date_gmt":"2025-08-29T13:46:24","guid":{"rendered":"https:\/\/autostil.ba\/maloprodaja\/?post_type=product&#038;p=134222"},"modified":"2026-04-08T08:47:41","modified_gmt":"2026-04-08T06:47:41","slug":"patosnice-tepih-tipske-citroen-c3-picasso-2008-2017","status":"publish","type":"product","link":"https:\/\/autostil.ba\/maloprodaja\/proizvod\/5833\/patosnice-tepih-tipske-citroen-c3-picasso-2008-2017\/","title":{"rendered":"PATOSNICE TEPIH TIPSKE CITROEN C3 PICASSO 2009-2017"},"content":{"rendered":"","protected":false},"excerpt":{"rendered":"<p>Tipske tepih patosnice izra\u0111ene su od visokokvalitetnog materijala i prema odre\u0111enom modelu automobila. Podloga onemogu\u0107ava klizanje patosnice.<\/p>\n","protected":false},"featured_media":134223,"comment_status":"open","ping_status":"closed","template":"","meta":{"_acf_changed":false,"inline_featured_image":false},"product_brand":[],"product_cat":[30],"product_tag":[],"class_list":{"0":"post-134222","1":"product","2":"type-product","3":"status-publish","4":"has-post-thumbnail","6":"product_cat-auto-patosnice-tipske","7":"pa_brend-citroen","8":"pa_materijal-platnene","10":"first","11":"instock","12":"taxable","13":"shipping-taxable","14":"purchasable","15":"product-type-simple"},"acf":[],"custom_product_id":"5833","_links":{"self":[{"href":"https:\/\/autostil.ba\/maloprodaja\/wp-json\/wp\/v2\/product\/134222","targetHints":{"allow":["GET"]}}],"collection":[{"href":"https:\/\/autostil.ba\/maloprodaja\/wp-json\/wp\/v2\/product"}],"about":[{"href":"https:\/\/autostil.ba\/maloprodaja\/wp-json\/wp\/v2\/types\/product"}],"replies":[{"embeddable":true,"href":"https:\/\/autostil.ba\/maloprodaja\/wp-json\/wp\/v2\/comments?post=134222"}],"version-history":[{"count":2,"href":"https:\/\/autostil.ba\/maloprodaja\/wp-json\/wp\/v2\/product\/134222\/revisions"}],"predecessor-version":[{"id":793049750,"href":"https:\/\/autostil.ba\/maloprodaja\/wp-json\/wp\/v2\/product\/134222\/revisions\/793049750"}],"wp:featuredmedia":[{"embeddable":true,"href":"https:\/\/autostil.ba\/maloprodaja\/wp-json\/wp\/v2\/media\/134223"}],"wp:attachment":[{"href":"https:\/\/autostil.ba\/maloprodaja\/wp-json\/wp\/v2\/media?parent=134222"}],"wp:term":[{"taxonomy":"product_brand","embeddable":true,"href":"https:\/\/autostil.ba\/maloprodaja\/wp-json\/wp\/v2\/product_brand?post=134222"},{"taxonomy":"product_cat","embeddable":true,"href":"https:\/\/autostil.ba\/maloprodaja\/wp-json\/wp\/v2\/product_cat?post=134222"},{"taxonomy":"product_tag","embeddable":true,"href":"https:\/\/autostil.ba\/maloprodaja\/wp-json\/wp\/v2\/product_tag?post=134222"}],"curies":[{"name":"wp","href":"https:\/\/api.w.org\/{rel}","templated":true}]}}