{"id":134112,"date":"2025-08-30T09:53:19","date_gmt":"2025-08-30T07:53:19","guid":{"rendered":"https:\/\/autostil.ba\/maloprodaja\/?post_type=product&#038;p=134112"},"modified":"2026-04-08T12:12:15","modified_gmt":"2026-04-08T10:12:15","slug":"patosnice-tepih-tipske-vw-passat-vi-vii-2005-2014","status":"publish","type":"product","link":"https:\/\/autostil.ba\/maloprodaja\/proizvod\/2943\/patosnice-tepih-tipske-vw-passat-vi-vii-2005-2014\/","title":{"rendered":"PATOSNICE TEPIH TIPSKE VW PASSAT 6\/7 2005-2014"},"content":{"rendered":"","protected":false},"excerpt":{"rendered":"<p>Tipske tepih patosnice izra\u0111ene su od visokokvalitetnog materijala i prema odre\u0111enom modelu automobila. Podloga onemogu\u0107ava klizanje patosnice.<\/p>\n","protected":false},"featured_media":134113,"comment_status":"open","ping_status":"closed","template":"","meta":{"_acf_changed":false,"inline_featured_image":false},"product_brand":[],"product_cat":[30],"product_tag":[],"class_list":{"0":"post-134112","1":"product","2":"type-product","3":"status-publish","4":"has-post-thumbnail","6":"product_cat-auto-patosnice-tipske","7":"pa_brend-volkswagen","8":"pa_materijal-platnene","10":"first","11":"instock","12":"taxable","13":"shipping-taxable","14":"purchasable","15":"product-type-simple"},"acf":[],"custom_product_id":"2943","_links":{"self":[{"href":"https:\/\/autostil.ba\/maloprodaja\/wp-json\/wp\/v2\/product\/134112","targetHints":{"allow":["GET"]}}],"collection":[{"href":"https:\/\/autostil.ba\/maloprodaja\/wp-json\/wp\/v2\/product"}],"about":[{"href":"https:\/\/autostil.ba\/maloprodaja\/wp-json\/wp\/v2\/types\/product"}],"replies":[{"embeddable":true,"href":"https:\/\/autostil.ba\/maloprodaja\/wp-json\/wp\/v2\/comments?post=134112"}],"version-history":[{"count":2,"href":"https:\/\/autostil.ba\/maloprodaja\/wp-json\/wp\/v2\/product\/134112\/revisions"}],"predecessor-version":[{"id":793052128,"href":"https:\/\/autostil.ba\/maloprodaja\/wp-json\/wp\/v2\/product\/134112\/revisions\/793052128"}],"wp:featuredmedia":[{"embeddable":true,"href":"https:\/\/autostil.ba\/maloprodaja\/wp-json\/wp\/v2\/media\/134113"}],"wp:attachment":[{"href":"https:\/\/autostil.ba\/maloprodaja\/wp-json\/wp\/v2\/media?parent=134112"}],"wp:term":[{"taxonomy":"product_brand","embeddable":true,"href":"https:\/\/autostil.ba\/maloprodaja\/wp-json\/wp\/v2\/product_brand?post=134112"},{"taxonomy":"product_cat","embeddable":true,"href":"https:\/\/autostil.ba\/maloprodaja\/wp-json\/wp\/v2\/product_cat?post=134112"},{"taxonomy":"product_tag","embeddable":true,"href":"https:\/\/autostil.ba\/maloprodaja\/wp-json\/wp\/v2\/product_tag?post=134112"}],"curies":[{"name":"wp","href":"https:\/\/api.w.org\/{rel}","templated":true}]}}