{"id":133312,"date":"2024-12-31T12:06:42","date_gmt":"2024-12-31T10:06:42","guid":{"rendered":"https:\/\/autostil.ba\/maloprodaja\/?post_type=product&#038;p=133312"},"modified":"2026-04-08T12:11:29","modified_gmt":"2026-04-08T10:11:29","slug":"patosnice-tepih-tipske-renault-laguna-iii-2007-2015","status":"publish","type":"product","link":"https:\/\/autostil.ba\/maloprodaja\/proizvod\/2924\/patosnice-tepih-tipske-renault-laguna-iii-2007-2015\/","title":{"rendered":"PATOSNICE TEPIH TIPSKE RENAULT LAGUNA 3 2007-2015"},"content":{"rendered":"","protected":false},"excerpt":{"rendered":"<p>Tipske tepih patosnice izra\u0111ene su od visokokvalitetnog materijala i prema odre\u0111enom modelu automobila. Podloga onemogu\u0107ava klizanje patosnice.<\/p>\n","protected":false},"featured_media":133313,"comment_status":"open","ping_status":"closed","template":"","meta":{"_acf_changed":false,"inline_featured_image":false},"product_brand":[],"product_cat":[30],"product_tag":[],"class_list":{"0":"post-133312","1":"product","2":"type-product","3":"status-publish","4":"has-post-thumbnail","6":"product_cat-auto-patosnice-tipske","7":"pa_brend-renault","8":"pa_materijal-platnene","10":"first","11":"instock","12":"taxable","13":"shipping-taxable","14":"purchasable","15":"product-type-simple"},"acf":[],"custom_product_id":"2924","_links":{"self":[{"href":"https:\/\/autostil.ba\/maloprodaja\/wp-json\/wp\/v2\/product\/133312","targetHints":{"allow":["GET"]}}],"collection":[{"href":"https:\/\/autostil.ba\/maloprodaja\/wp-json\/wp\/v2\/product"}],"about":[{"href":"https:\/\/autostil.ba\/maloprodaja\/wp-json\/wp\/v2\/types\/product"}],"replies":[{"embeddable":true,"href":"https:\/\/autostil.ba\/maloprodaja\/wp-json\/wp\/v2\/comments?post=133312"}],"version-history":[{"count":2,"href":"https:\/\/autostil.ba\/maloprodaja\/wp-json\/wp\/v2\/product\/133312\/revisions"}],"predecessor-version":[{"id":793050108,"href":"https:\/\/autostil.ba\/maloprodaja\/wp-json\/wp\/v2\/product\/133312\/revisions\/793050108"}],"wp:featuredmedia":[{"embeddable":true,"href":"https:\/\/autostil.ba\/maloprodaja\/wp-json\/wp\/v2\/media\/133313"}],"wp:attachment":[{"href":"https:\/\/autostil.ba\/maloprodaja\/wp-json\/wp\/v2\/media?parent=133312"}],"wp:term":[{"taxonomy":"product_brand","embeddable":true,"href":"https:\/\/autostil.ba\/maloprodaja\/wp-json\/wp\/v2\/product_brand?post=133312"},{"taxonomy":"product_cat","embeddable":true,"href":"https:\/\/autostil.ba\/maloprodaja\/wp-json\/wp\/v2\/product_cat?post=133312"},{"taxonomy":"product_tag","embeddable":true,"href":"https:\/\/autostil.ba\/maloprodaja\/wp-json\/wp\/v2\/product_tag?post=133312"}],"curies":[{"name":"wp","href":"https:\/\/api.w.org\/{rel}","templated":true}]}}