{"id":132782,"date":"2026-01-23T13:55:19","date_gmt":"2026-01-23T11:55:19","guid":{"rendered":"https:\/\/autostil.ba\/maloprodaja\/?post_type=product&#038;p=132782"},"modified":"2026-04-08T12:11:09","modified_gmt":"2026-04-08T10:11:09","slug":"auto-presvlake-univerzalne-velur-slika-3-dacia","status":"publish","type":"product","link":"https:\/\/autostil.ba\/maloprodaja\/proizvod\/12952\/auto-presvlake-univerzalne-velur-slika-3-dacia\/","title":{"rendered":"AUTO PRESVLAKE UNIVERZALNE VELUR (SLIKA 3 &#8211; DACIA)"},"content":{"rendered":"","protected":false},"excerpt":{"rendered":"<p>SLIKA JE SIMBOLI\u010cNA !! NAMJENJENE SPECIFI\u010cNO ZA VOZILA MARKE DACIA KOJA IMAJU PODJELJENU ZADNJU KLUPU NA NA\u010cIN: SJEDE\u0106I DIO IZ JEDNOG DIJELA; NASLON: 1\/3 DESNO, 2\/3 LIJEVO. BEZ NASLONA ZA RUKU. SADR\u017dE 4 NAVLAKE ZA NASLONE ZA GLAVU.<\/p>\n","protected":false},"featured_media":793045676,"comment_status":"open","ping_status":"closed","template":"","meta":{"_acf_changed":false,"inline_featured_image":false},"product_brand":[],"product_cat":[35],"product_tag":[],"class_list":{"0":"post-132782","1":"product","2":"type-product","3":"status-publish","4":"has-post-thumbnail","6":"product_cat-auto-presvlake","8":"first","9":"instock","10":"taxable","11":"shipping-taxable","12":"purchasable","13":"product-type-simple"},"acf":[],"custom_product_id":"12952","_links":{"self":[{"href":"https:\/\/autostil.ba\/maloprodaja\/wp-json\/wp\/v2\/product\/132782","targetHints":{"allow":["GET"]}}],"collection":[{"href":"https:\/\/autostil.ba\/maloprodaja\/wp-json\/wp\/v2\/product"}],"about":[{"href":"https:\/\/autostil.ba\/maloprodaja\/wp-json\/wp\/v2\/types\/product"}],"replies":[{"embeddable":true,"href":"https:\/\/autostil.ba\/maloprodaja\/wp-json\/wp\/v2\/comments?post=132782"}],"version-history":[{"count":1,"href":"https:\/\/autostil.ba\/maloprodaja\/wp-json\/wp\/v2\/product\/132782\/revisions"}],"predecessor-version":[{"id":132784,"href":"https:\/\/autostil.ba\/maloprodaja\/wp-json\/wp\/v2\/product\/132782\/revisions\/132784"}],"wp:featuredmedia":[{"embeddable":true,"href":"https:\/\/autostil.ba\/maloprodaja\/wp-json\/wp\/v2\/media\/793045676"}],"wp:attachment":[{"href":"https:\/\/autostil.ba\/maloprodaja\/wp-json\/wp\/v2\/media?parent=132782"}],"wp:term":[{"taxonomy":"product_brand","embeddable":true,"href":"https:\/\/autostil.ba\/maloprodaja\/wp-json\/wp\/v2\/product_brand?post=132782"},{"taxonomy":"product_cat","embeddable":true,"href":"https:\/\/autostil.ba\/maloprodaja\/wp-json\/wp\/v2\/product_cat?post=132782"},{"taxonomy":"product_tag","embeddable":true,"href":"https:\/\/autostil.ba\/maloprodaja\/wp-json\/wp\/v2\/product_tag?post=132782"}],"curies":[{"name":"wp","href":"https:\/\/api.w.org\/{rel}","templated":true}]}}