{"id":132772,"date":"2026-03-04T10:14:18","date_gmt":"2026-03-04T08:14:18","guid":{"rendered":"https:\/\/autostil.ba\/maloprodaja\/?post_type=product&#038;p=132772"},"modified":"2026-04-08T12:11:09","modified_gmt":"2026-04-08T10:11:09","slug":"auto-presvlake-univerzalne-velur-slika-1-dacia","status":"publish","type":"product","link":"https:\/\/autostil.ba\/maloprodaja\/proizvod\/12951\/auto-presvlake-univerzalne-velur-slika-1-dacia\/","title":{"rendered":"AUTO PRESVLAKE UNIVERZALNE VELUR (SLIKA 1 &#8211; DACIA)"},"content":{"rendered":"","protected":false},"excerpt":{"rendered":"<p>SLIKA JE SIMBOLI\u010cNA !! NAMJENJENE SPECIFI\u010cNO ZA VOZILA MARKE DACIA KOJA IMAJU FIKSNU ZADNJU KLUPU, TJ. NEMAJU NIKAKVU PODJELJENOST SJEDI\u0160TA I BEZ NASLONA ZA RUKU. SADR\u017dE 4 NAVLAKE ZA NASLONE ZA GLAVU.<\/p>\n","protected":false},"featured_media":793045681,"comment_status":"open","ping_status":"closed","template":"","meta":{"_acf_changed":false,"inline_featured_image":false},"product_brand":[],"product_cat":[35],"product_tag":[],"class_list":{"0":"post-132772","1":"product","2":"type-product","3":"status-publish","4":"has-post-thumbnail","6":"product_cat-auto-presvlake","8":"first","9":"instock","10":"taxable","11":"shipping-taxable","12":"purchasable","13":"product-type-simple"},"acf":[],"custom_product_id":"12951","_links":{"self":[{"href":"https:\/\/autostil.ba\/maloprodaja\/wp-json\/wp\/v2\/product\/132772","targetHints":{"allow":["GET"]}}],"collection":[{"href":"https:\/\/autostil.ba\/maloprodaja\/wp-json\/wp\/v2\/product"}],"about":[{"href":"https:\/\/autostil.ba\/maloprodaja\/wp-json\/wp\/v2\/types\/product"}],"replies":[{"embeddable":true,"href":"https:\/\/autostil.ba\/maloprodaja\/wp-json\/wp\/v2\/comments?post=132772"}],"version-history":[{"count":1,"href":"https:\/\/autostil.ba\/maloprodaja\/wp-json\/wp\/v2\/product\/132772\/revisions"}],"predecessor-version":[{"id":132774,"href":"https:\/\/autostil.ba\/maloprodaja\/wp-json\/wp\/v2\/product\/132772\/revisions\/132774"}],"wp:featuredmedia":[{"embeddable":true,"href":"https:\/\/autostil.ba\/maloprodaja\/wp-json\/wp\/v2\/media\/793045681"}],"wp:attachment":[{"href":"https:\/\/autostil.ba\/maloprodaja\/wp-json\/wp\/v2\/media?parent=132772"}],"wp:term":[{"taxonomy":"product_brand","embeddable":true,"href":"https:\/\/autostil.ba\/maloprodaja\/wp-json\/wp\/v2\/product_brand?post=132772"},{"taxonomy":"product_cat","embeddable":true,"href":"https:\/\/autostil.ba\/maloprodaja\/wp-json\/wp\/v2\/product_cat?post=132772"},{"taxonomy":"product_tag","embeddable":true,"href":"https:\/\/autostil.ba\/maloprodaja\/wp-json\/wp\/v2\/product_tag?post=132772"}],"curies":[{"name":"wp","href":"https:\/\/api.w.org\/{rel}","templated":true}]}}