{"id":132762,"date":"2025-11-19T09:10:18","date_gmt":"2025-11-19T07:10:18","guid":{"rendered":"https:\/\/autostil.ba\/maloprodaja\/?post_type=product&#038;p=132762"},"modified":"2026-04-08T12:11:09","modified_gmt":"2026-04-08T10:11:09","slug":"auto-presvlake-univerzalne-velur-slika-1-velicina-2","status":"publish","type":"product","link":"https:\/\/autostil.ba\/maloprodaja\/proizvod\/12950\/auto-presvlake-univerzalne-velur-slika-1-velicina-2\/","title":{"rendered":"AUTO PRESVLAKE UNIVERZALNE VELUR (SLIKA 1 \/ VELI\u010cINA 2)"},"content":{"rendered":"","protected":false},"excerpt":{"rendered":"<p>SLIKA JE SIMBOLI\u010cNA !! NAMJENJENE ZA VOZILA KOJA IMAJU FIKSNU ZADNJU KLUPU, TJ. NEMAJU NIKAKVU PODJELJENOST SJEDI\u0160TA I BEZ NASLONA ZA RUKU. SADR\u017dE 4 NAVLAKE ZA NASLONE ZA GLAVU. POD VELI\u010cINOM 2 SE PODRAZUMJEVAJU VOZILA KAO \u0160TO SU: ALFA ROMEO 146\/147\/156\/157, AUDI 80\/A3\/A4, BMW SERIJA 1\/3, CHEVROLET LACETI\/NUBIRA, CITROEN XANTIA\/C4, DACIA LOGAN, FIAT MERATA\/TEMPRA\/CROMA\/STILO\/BRAVA, FORD SIERA\/ORION\/MONDEO\/FOCUS, HONDA ACCORD, HYUNDAI LANTRA\/SONATA\/ELANTRA, JEEP CHEROKEE\/WRANGLER, KIA CERATO, LANCIA LYBRA, MAZDA 3\/626\/6\/TRIBUTE, MERCEDES 190\/B\/C, NISSAN PRIMERA\/TERANO\/PATROL, OPEL ASCONA\/VECTRA, PEUGEOT 304\/305\/307\/309\/405\/406, RENAULT LAGUNA\/MEGANE\/9\/11\/19, ROVER 400, SEAT LEON\/TOLEDO, SUBARU IMPREZA\/FORESTER, \u0160KODA OCTAVIA\/SUPERB, TOYOTA AVENSIS\/RAV4, VOLKSWAGEN PASSAT\/JETTA\/GOLF4-5\/BORA\/TOURAN, VOLVO 404\/460\/V40\/S40, ZASTAVA 128.<\/p>\n","protected":false},"featured_media":793045684,"comment_status":"open","ping_status":"closed","template":"","meta":{"_acf_changed":false,"inline_featured_image":false},"product_brand":[],"product_cat":[35],"product_tag":[],"class_list":{"0":"post-132762","1":"product","2":"type-product","3":"status-publish","4":"has-post-thumbnail","6":"product_cat-auto-presvlake","8":"first","9":"instock","10":"taxable","11":"shipping-taxable","12":"purchasable","13":"product-type-simple"},"acf":[],"custom_product_id":"12950","_links":{"self":[{"href":"https:\/\/autostil.ba\/maloprodaja\/wp-json\/wp\/v2\/product\/132762","targetHints":{"allow":["GET"]}}],"collection":[{"href":"https:\/\/autostil.ba\/maloprodaja\/wp-json\/wp\/v2\/product"}],"about":[{"href":"https:\/\/autostil.ba\/maloprodaja\/wp-json\/wp\/v2\/types\/product"}],"replies":[{"embeddable":true,"href":"https:\/\/autostil.ba\/maloprodaja\/wp-json\/wp\/v2\/comments?post=132762"}],"version-history":[{"count":3,"href":"https:\/\/autostil.ba\/maloprodaja\/wp-json\/wp\/v2\/product\/132762\/revisions"}],"predecessor-version":[{"id":793051031,"href":"https:\/\/autostil.ba\/maloprodaja\/wp-json\/wp\/v2\/product\/132762\/revisions\/793051031"}],"wp:featuredmedia":[{"embeddable":true,"href":"https:\/\/autostil.ba\/maloprodaja\/wp-json\/wp\/v2\/media\/793045684"}],"wp:attachment":[{"href":"https:\/\/autostil.ba\/maloprodaja\/wp-json\/wp\/v2\/media?parent=132762"}],"wp:term":[{"taxonomy":"product_brand","embeddable":true,"href":"https:\/\/autostil.ba\/maloprodaja\/wp-json\/wp\/v2\/product_brand?post=132762"},{"taxonomy":"product_cat","embeddable":true,"href":"https:\/\/autostil.ba\/maloprodaja\/wp-json\/wp\/v2\/product_cat?post=132762"},{"taxonomy":"product_tag","embeddable":true,"href":"https:\/\/autostil.ba\/maloprodaja\/wp-json\/wp\/v2\/product_tag?post=132762"}],"curies":[{"name":"wp","href":"https:\/\/api.w.org\/{rel}","templated":true}]}}