{"id":132752,"date":"2026-03-04T10:18:17","date_gmt":"2026-03-04T08:18:17","guid":{"rendered":"https:\/\/autostil.ba\/maloprodaja\/?post_type=product&#038;p=132752"},"modified":"2026-04-08T12:11:09","modified_gmt":"2026-04-08T10:11:09","slug":"auto-presvlake-univerzalne-velur-slika-1-velicina-1","status":"publish","type":"product","link":"https:\/\/autostil.ba\/maloprodaja\/proizvod\/12949\/auto-presvlake-univerzalne-velur-slika-1-velicina-1\/","title":{"rendered":"AUTO PRESVLAKE UNIVERZALNE VELUR (SLIKA 1 \/ VELI\u010cINA 1)"},"content":{"rendered":"","protected":false},"excerpt":{"rendered":"<p>SLIKA JE SIMBOLI\u010cNA !!<\/p>\n<p>NAMJENJENE ZA VOZILA KOJA IMAJU FIKSNU ZADNJU KLUPU, TJ. NEMAJU NIKAKVU PODJELJENOST SJEDI\u0160TA I BEZ NASLONA ZA RUKU. SADR\u017dE 4 NAVLAKE ZA NASLONE ZA GLAVU. POD VELI\u010cINOM 1 SE PODRAZUMJEVAJU VOZILA KAO \u0160TO SU: ALFA ROMEO 145\/33, AUDI A2, CHEVROLET MATIZ\/KALOS\/LACETI, CITROEN AX\/SAXO\/XARA\/C2\/C3, DAIHATSU CUORE\/SIRION\/TERIOS, FIAT UNO\/SEICENTO\/PANDA\/BRAVO\/PUNTO, FORD ESCORT\/FIESTA\/KA, HONDA JAZZ\/CIVIC, HYUNDAI ACCENT\/GETZ, KIA RIO, LADA SAMARA\/NIVA, LANCIA YPSILON, LAND ROVER FREELANDER, MAZDA 323\/2, MERCEDES A KLASA, MINI ONE\/COOPER, MITSUBISHI COLT\/PAJERO, NISSAN MICRA\/ALMERA\/SANNY, OPEL TIGRA\/KADET\/CORSA\/ASTRA\/MERIVA, PEUGEOT 106\/205\/206\/207\/306, RENAULT 4\/5\/CLIO\/TWINGO\/MODUS, ROVER 114\/214\/25, SEAT AROSA\/IBIZA\/CORDOBA, SUZUKI SWIFT\/BALENO\/WARON R+\/VITARA\/IGNIS\/JIMNY, \u0160KODA FELICIA\/FABIA\/ROOMSTER, TOYOTA YARIS\/COROLLA, VOLKSWAGEN FOX\/LUPO\/POLO\/GOLF\/NEW BEETLE, ZASTAVA 101\/YUGO.<\/p>\n","protected":false},"featured_media":793045689,"comment_status":"open","ping_status":"closed","template":"","meta":{"_acf_changed":false,"inline_featured_image":false},"product_brand":[],"product_cat":[35],"product_tag":[],"class_list":{"0":"post-132752","1":"product","2":"type-product","3":"status-publish","4":"has-post-thumbnail","6":"product_cat-auto-presvlake","8":"first","9":"instock","10":"taxable","11":"shipping-taxable","12":"purchasable","13":"product-type-simple"},"acf":[],"custom_product_id":"12949","_links":{"self":[{"href":"https:\/\/autostil.ba\/maloprodaja\/wp-json\/wp\/v2\/product\/132752","targetHints":{"allow":["GET"]}}],"collection":[{"href":"https:\/\/autostil.ba\/maloprodaja\/wp-json\/wp\/v2\/product"}],"about":[{"href":"https:\/\/autostil.ba\/maloprodaja\/wp-json\/wp\/v2\/types\/product"}],"replies":[{"embeddable":true,"href":"https:\/\/autostil.ba\/maloprodaja\/wp-json\/wp\/v2\/comments?post=132752"}],"version-history":[{"count":4,"href":"https:\/\/autostil.ba\/maloprodaja\/wp-json\/wp\/v2\/product\/132752\/revisions"}],"predecessor-version":[{"id":793050989,"href":"https:\/\/autostil.ba\/maloprodaja\/wp-json\/wp\/v2\/product\/132752\/revisions\/793050989"}],"wp:featuredmedia":[{"embeddable":true,"href":"https:\/\/autostil.ba\/maloprodaja\/wp-json\/wp\/v2\/media\/793045689"}],"wp:attachment":[{"href":"https:\/\/autostil.ba\/maloprodaja\/wp-json\/wp\/v2\/media?parent=132752"}],"wp:term":[{"taxonomy":"product_brand","embeddable":true,"href":"https:\/\/autostil.ba\/maloprodaja\/wp-json\/wp\/v2\/product_brand?post=132752"},{"taxonomy":"product_cat","embeddable":true,"href":"https:\/\/autostil.ba\/maloprodaja\/wp-json\/wp\/v2\/product_cat?post=132752"},{"taxonomy":"product_tag","embeddable":true,"href":"https:\/\/autostil.ba\/maloprodaja\/wp-json\/wp\/v2\/product_tag?post=132752"}],"curies":[{"name":"wp","href":"https:\/\/api.w.org\/{rel}","templated":true}]}}