{"id":132742,"date":"2025-11-19T09:09:16","date_gmt":"2025-11-19T07:09:16","guid":{"rendered":"https:\/\/autostil.ba\/maloprodaja\/?post_type=product&#038;p=132742"},"modified":"2026-04-08T12:11:09","modified_gmt":"2026-04-08T10:11:09","slug":"auto-presvlake-univerzalne-velur-slika-4-70-30","status":"publish","type":"product","link":"https:\/\/autostil.ba\/maloprodaja\/proizvod\/12498\/auto-presvlake-univerzalne-velur-slika-4-70-30\/","title":{"rendered":"AUTO PRESVLAKE UNIVERZALNE VELUR (SLIKA 4 \/ 70-30)"},"content":{"rendered":"","protected":false},"excerpt":{"rendered":"<p>SLIKA JE SIMBOLI\u010cNA !!<\/p>\n<p>NAMJENJENE ZA SPECIFI\u010cNA VOZILA (NPR. CITROEN BERLINGO PUTNI\u010cKI), KOJA IMAJU PODJELJENU ZADNJU KLUPU NA NA\u010cIN: I SJEDE\u0106I DIO I NASLON ISTO DJELJIVI I TO TA\u010cNO 30% DESNO, 70% LIJEVO. BEZ NASLONA ZA RUKU. SADR\u017dE 4 NAVLAKE ZA NASLONE ZA GLAVU.<\/p>\n","protected":false},"featured_media":793045730,"comment_status":"open","ping_status":"closed","template":"","meta":{"_acf_changed":false,"inline_featured_image":false},"product_brand":[],"product_cat":[35],"product_tag":[],"class_list":{"0":"post-132742","1":"product","2":"type-product","3":"status-publish","4":"has-post-thumbnail","6":"product_cat-auto-presvlake","8":"first","9":"instock","10":"taxable","11":"shipping-taxable","12":"purchasable","13":"product-type-simple"},"acf":[],"custom_product_id":"12498","_links":{"self":[{"href":"https:\/\/autostil.ba\/maloprodaja\/wp-json\/wp\/v2\/product\/132742","targetHints":{"allow":["GET"]}}],"collection":[{"href":"https:\/\/autostil.ba\/maloprodaja\/wp-json\/wp\/v2\/product"}],"about":[{"href":"https:\/\/autostil.ba\/maloprodaja\/wp-json\/wp\/v2\/types\/product"}],"replies":[{"embeddable":true,"href":"https:\/\/autostil.ba\/maloprodaja\/wp-json\/wp\/v2\/comments?post=132742"}],"version-history":[{"count":3,"href":"https:\/\/autostil.ba\/maloprodaja\/wp-json\/wp\/v2\/product\/132742\/revisions"}],"predecessor-version":[{"id":793045737,"href":"https:\/\/autostil.ba\/maloprodaja\/wp-json\/wp\/v2\/product\/132742\/revisions\/793045737"}],"wp:featuredmedia":[{"embeddable":true,"href":"https:\/\/autostil.ba\/maloprodaja\/wp-json\/wp\/v2\/media\/793045730"}],"wp:attachment":[{"href":"https:\/\/autostil.ba\/maloprodaja\/wp-json\/wp\/v2\/media?parent=132742"}],"wp:term":[{"taxonomy":"product_brand","embeddable":true,"href":"https:\/\/autostil.ba\/maloprodaja\/wp-json\/wp\/v2\/product_brand?post=132742"},{"taxonomy":"product_cat","embeddable":true,"href":"https:\/\/autostil.ba\/maloprodaja\/wp-json\/wp\/v2\/product_cat?post=132742"},{"taxonomy":"product_tag","embeddable":true,"href":"https:\/\/autostil.ba\/maloprodaja\/wp-json\/wp\/v2\/product_tag?post=132742"}],"curies":[{"name":"wp","href":"https:\/\/api.w.org\/{rel}","templated":true}]}}