{"id":132422,"date":"2025-03-28T09:40:57","date_gmt":"2025-03-28T07:40:57","guid":{"rendered":"https:\/\/autostil.ba\/maloprodaja\/?post_type=product&#038;p=132422"},"modified":"2026-04-08T12:10:59","modified_gmt":"2026-04-08T10:10:59","slug":"navlaka-volana-autosystem-paris-37-39cm","status":"publish","type":"product","link":"https:\/\/autostil.ba\/maloprodaja\/proizvod\/5437\/navlaka-volana-autosystem-paris-37-39cm\/","title":{"rendered":"NAVLAKA VOLANA AUTOSYSTEM PARIS 37 39cm"},"content":{"rendered":"","protected":false},"excerpt":{"rendered":"<p>NAVLAKA VOLANA AUTOSYSTEM PARIS 37 39cm Navlaka volana za univerzalnu upotrebu na svim tipovima upravlja\u010da pre\u010dnika od 37 do 39cm. Navlaka volana pobolj\u0161ava kontrolu nad vozilom, sprje\u010dava klizanje rukama preko upravlja\u010da.<\/p>\n","protected":false},"featured_media":132423,"comment_status":"open","ping_status":"closed","template":"","meta":{"_acf_changed":false,"inline_featured_image":false},"product_brand":[],"product_cat":[77],"product_tag":[],"class_list":{"0":"post-132422","1":"product","2":"type-product","3":"status-publish","4":"has-post-thumbnail","6":"product_cat-navlake-volana-i-kugle-za-volan","8":"first","9":"instock","10":"taxable","11":"shipping-taxable","12":"purchasable","13":"product-type-simple"},"acf":[],"custom_product_id":"5437","_links":{"self":[{"href":"https:\/\/autostil.ba\/maloprodaja\/wp-json\/wp\/v2\/product\/132422","targetHints":{"allow":["GET"]}}],"collection":[{"href":"https:\/\/autostil.ba\/maloprodaja\/wp-json\/wp\/v2\/product"}],"about":[{"href":"https:\/\/autostil.ba\/maloprodaja\/wp-json\/wp\/v2\/types\/product"}],"replies":[{"embeddable":true,"href":"https:\/\/autostil.ba\/maloprodaja\/wp-json\/wp\/v2\/comments?post=132422"}],"version-history":[{"count":1,"href":"https:\/\/autostil.ba\/maloprodaja\/wp-json\/wp\/v2\/product\/132422\/revisions"}],"predecessor-version":[{"id":132424,"href":"https:\/\/autostil.ba\/maloprodaja\/wp-json\/wp\/v2\/product\/132422\/revisions\/132424"}],"wp:featuredmedia":[{"embeddable":true,"href":"https:\/\/autostil.ba\/maloprodaja\/wp-json\/wp\/v2\/media\/132423"}],"wp:attachment":[{"href":"https:\/\/autostil.ba\/maloprodaja\/wp-json\/wp\/v2\/media?parent=132422"}],"wp:term":[{"taxonomy":"product_brand","embeddable":true,"href":"https:\/\/autostil.ba\/maloprodaja\/wp-json\/wp\/v2\/product_brand?post=132422"},{"taxonomy":"product_cat","embeddable":true,"href":"https:\/\/autostil.ba\/maloprodaja\/wp-json\/wp\/v2\/product_cat?post=132422"},{"taxonomy":"product_tag","embeddable":true,"href":"https:\/\/autostil.ba\/maloprodaja\/wp-json\/wp\/v2\/product_tag?post=132422"}],"curies":[{"name":"wp","href":"https:\/\/api.w.org\/{rel}","templated":true}]}}