{"id":131992,"date":"2024-12-31T10:01:37","date_gmt":"2024-12-31T08:01:37","guid":{"rendered":"https:\/\/autostil.ba\/maloprodaja\/?post_type=product&#038;p=131992"},"modified":"2026-04-08T11:58:20","modified_gmt":"2026-04-08T09:58:20","slug":"brisac-28cm-autosystem","status":"publish","type":"product","link":"https:\/\/autostil.ba\/maloprodaja\/proizvod\/4732\/brisac-28cm-autosystem\/","title":{"rendered":"BRISA\u010c 28cm AUTOSYSTEM"},"content":{"rendered":"","protected":false},"excerpt":{"rendered":"<p>BRISA\u010c 28cm AUTOSYSTEM Metlica brisa\u010da sa standardnim priklju\u010dkom, dvije vrste adaptera, na nosa\u010d metlice. Grafitna gumica i metalna konstrukcija omogu\u0107uju kvalitetno prijanjenje metlice brisa\u010da za vjetrobransko staklo. Kompatibilno uglavnom za vozila starije genracije. Pakovanje i u blister varijanti, po 1 komad u svakom pakovanju.<\/p>\n","protected":false},"featured_media":131883,"comment_status":"open","ping_status":"closed","template":"","meta":{"_acf_changed":false,"inline_featured_image":false},"product_brand":[],"product_cat":[45],"product_tag":[],"class_list":{"0":"post-131992","1":"product","2":"type-product","3":"status-publish","4":"has-post-thumbnail","6":"product_cat-metlice-brisaca-autosystem","8":"first","9":"instock","10":"taxable","11":"shipping-taxable","12":"purchasable","13":"product-type-simple"},"acf":[],"custom_product_id":"4732","_links":{"self":[{"href":"https:\/\/autostil.ba\/maloprodaja\/wp-json\/wp\/v2\/product\/131992","targetHints":{"allow":["GET"]}}],"collection":[{"href":"https:\/\/autostil.ba\/maloprodaja\/wp-json\/wp\/v2\/product"}],"about":[{"href":"https:\/\/autostil.ba\/maloprodaja\/wp-json\/wp\/v2\/types\/product"}],"replies":[{"embeddable":true,"href":"https:\/\/autostil.ba\/maloprodaja\/wp-json\/wp\/v2\/comments?post=131992"}],"version-history":[{"count":1,"href":"https:\/\/autostil.ba\/maloprodaja\/wp-json\/wp\/v2\/product\/131992\/revisions"}],"predecessor-version":[{"id":131993,"href":"https:\/\/autostil.ba\/maloprodaja\/wp-json\/wp\/v2\/product\/131992\/revisions\/131993"}],"wp:featuredmedia":[{"embeddable":true,"href":"https:\/\/autostil.ba\/maloprodaja\/wp-json\/wp\/v2\/media\/131883"}],"wp:attachment":[{"href":"https:\/\/autostil.ba\/maloprodaja\/wp-json\/wp\/v2\/media?parent=131992"}],"wp:term":[{"taxonomy":"product_brand","embeddable":true,"href":"https:\/\/autostil.ba\/maloprodaja\/wp-json\/wp\/v2\/product_brand?post=131992"},{"taxonomy":"product_cat","embeddable":true,"href":"https:\/\/autostil.ba\/maloprodaja\/wp-json\/wp\/v2\/product_cat?post=131992"},{"taxonomy":"product_tag","embeddable":true,"href":"https:\/\/autostil.ba\/maloprodaja\/wp-json\/wp\/v2\/product_tag?post=131992"}],"curies":[{"name":"wp","href":"https:\/\/api.w.org\/{rel}","templated":true}]}}