{"id":131972,"date":"2024-07-18T08:25:36","date_gmt":"2024-07-18T06:25:36","guid":{"rendered":"https:\/\/autostil.ba\/maloprodaja\/?post_type=product&#038;p=131972"},"modified":"2026-05-06T05:59:18","modified_gmt":"2026-05-06T03:59:18","slug":"brisac-35cm-autosystem","status":"publish","type":"product","link":"https:\/\/autostil.ba\/maloprodaja\/proizvod\/4730\/brisac-35cm-autosystem\/","title":{"rendered":"BRISA\u010c 35cm AUTOSYSTEM"},"content":{"rendered":"","protected":false},"excerpt":{"rendered":"<p>BRISA\u010c 35cm AUTOSYSTEM Metlica brisa\u010da sa standardnim priklju\u010dkom, dvije vrste adaptera, na nosa\u010d metlice. Grafitna gumica i metalna konstrukcija omogu\u0107uju kvalitetno prijanjenje metlice brisa\u010da za vjetrobransko staklo. Kompatibilno uglavnom za vozila starije genracije. Pakovanje i u blister varijanti, po 1 komad u svakom pakovanju.<\/p>\n","protected":false},"featured_media":131883,"comment_status":"open","ping_status":"closed","template":"","meta":{"_acf_changed":false,"inline_featured_image":false},"product_brand":[],"product_cat":[918],"product_tag":[],"class_list":{"0":"post-131972","1":"product","2":"type-product","3":"status-publish","4":"has-post-thumbnail","6":"product_cat-metlice-brisaca-autosystem-metalne-stari-tip","8":"first","9":"instock","10":"taxable","11":"shipping-taxable","12":"purchasable","13":"product-type-simple"},"acf":[],"custom_product_id":"4730","_links":{"self":[{"href":"https:\/\/autostil.ba\/maloprodaja\/wp-json\/wp\/v2\/product\/131972","targetHints":{"allow":["GET"]}}],"collection":[{"href":"https:\/\/autostil.ba\/maloprodaja\/wp-json\/wp\/v2\/product"}],"about":[{"href":"https:\/\/autostil.ba\/maloprodaja\/wp-json\/wp\/v2\/types\/product"}],"replies":[{"embeddable":true,"href":"https:\/\/autostil.ba\/maloprodaja\/wp-json\/wp\/v2\/comments?post=131972"}],"version-history":[{"count":1,"href":"https:\/\/autostil.ba\/maloprodaja\/wp-json\/wp\/v2\/product\/131972\/revisions"}],"predecessor-version":[{"id":131973,"href":"https:\/\/autostil.ba\/maloprodaja\/wp-json\/wp\/v2\/product\/131972\/revisions\/131973"}],"wp:featuredmedia":[{"embeddable":true,"href":"https:\/\/autostil.ba\/maloprodaja\/wp-json\/wp\/v2\/media\/131883"}],"wp:attachment":[{"href":"https:\/\/autostil.ba\/maloprodaja\/wp-json\/wp\/v2\/media?parent=131972"}],"wp:term":[{"taxonomy":"product_brand","embeddable":true,"href":"https:\/\/autostil.ba\/maloprodaja\/wp-json\/wp\/v2\/product_brand?post=131972"},{"taxonomy":"product_cat","embeddable":true,"href":"https:\/\/autostil.ba\/maloprodaja\/wp-json\/wp\/v2\/product_cat?post=131972"},{"taxonomy":"product_tag","embeddable":true,"href":"https:\/\/autostil.ba\/maloprodaja\/wp-json\/wp\/v2\/product_tag?post=131972"}],"curies":[{"name":"wp","href":"https:\/\/api.w.org\/{rel}","templated":true}]}}