{"id":131582,"date":"2024-10-30T13:46:21","date_gmt":"2024-10-30T11:46:21","guid":{"rendered":"https:\/\/autostil.ba\/maloprodaja\/?post_type=product&#038;p=131582"},"modified":"2026-04-08T11:57:57","modified_gmt":"2026-04-08T09:57:57","slug":"rucka-mjenjaca-sa-kozom-asy-vw-golf-iv-1997-2006-hrom-okvir-5-brzina-fi23cm","status":"publish","type":"product","link":"https:\/\/autostil.ba\/maloprodaja\/proizvod\/6994\/rucka-mjenjaca-sa-kozom-asy-vw-golf-iv-1997-2006-hrom-okvir-5-brzina-fi23cm\/","title":{"rendered":"RU\u010cKA MJENJA\u010cA SA KO\u017dOM ASY VW GOLF (4) 1997-2006 HROM OKVIR 5 BRZINA (FI23cm)"},"content":{"rendered":"","protected":false},"excerpt":{"rendered":"<p>RU\u010cKA MJENJA\u010cA SA KO\u017dOM ASY VW GOLF IV 1997-2006 HROM OKVIR 5 BRZINA (FI23cm)<\/p>\n","protected":false},"featured_media":793045081,"comment_status":"open","ping_status":"closed","template":"","meta":{"_acf_changed":false,"inline_featured_image":false},"product_brand":[],"product_cat":[900],"product_tag":[],"class_list":{"0":"post-131582","1":"product","2":"type-product","3":"status-publish","4":"has-post-thumbnail","6":"product_cat-rucice-mjenjaca-sa-kozom","7":"pa_brend-volkswagen","9":"first","10":"instock","11":"taxable","12":"shipping-taxable","13":"purchasable","14":"product-type-simple"},"acf":[],"custom_product_id":"6994","_links":{"self":[{"href":"https:\/\/autostil.ba\/maloprodaja\/wp-json\/wp\/v2\/product\/131582","targetHints":{"allow":["GET"]}}],"collection":[{"href":"https:\/\/autostil.ba\/maloprodaja\/wp-json\/wp\/v2\/product"}],"about":[{"href":"https:\/\/autostil.ba\/maloprodaja\/wp-json\/wp\/v2\/types\/product"}],"replies":[{"embeddable":true,"href":"https:\/\/autostil.ba\/maloprodaja\/wp-json\/wp\/v2\/comments?post=131582"}],"version-history":[{"count":2,"href":"https:\/\/autostil.ba\/maloprodaja\/wp-json\/wp\/v2\/product\/131582\/revisions"}],"predecessor-version":[{"id":793056897,"href":"https:\/\/autostil.ba\/maloprodaja\/wp-json\/wp\/v2\/product\/131582\/revisions\/793056897"}],"wp:featuredmedia":[{"embeddable":true,"href":"https:\/\/autostil.ba\/maloprodaja\/wp-json\/wp\/v2\/media\/793045081"}],"wp:attachment":[{"href":"https:\/\/autostil.ba\/maloprodaja\/wp-json\/wp\/v2\/media?parent=131582"}],"wp:term":[{"taxonomy":"product_brand","embeddable":true,"href":"https:\/\/autostil.ba\/maloprodaja\/wp-json\/wp\/v2\/product_brand?post=131582"},{"taxonomy":"product_cat","embeddable":true,"href":"https:\/\/autostil.ba\/maloprodaja\/wp-json\/wp\/v2\/product_cat?post=131582"},{"taxonomy":"product_tag","embeddable":true,"href":"https:\/\/autostil.ba\/maloprodaja\/wp-json\/wp\/v2\/product_tag?post=131582"}],"curies":[{"name":"wp","href":"https:\/\/api.w.org\/{rel}","templated":true}]}}