{"id":130702,"date":"2025-03-28T12:32:39","date_gmt":"2025-03-28T10:32:39","guid":{"rendered":"https:\/\/autostil.ba\/maloprodaja\/?post_type=product&#038;p=130702"},"modified":"2026-04-08T11:57:03","modified_gmt":"2026-04-08T09:57:03","slug":"rucka-mjenjaca-sa-kozom-asy-skoda-octavia-ii-2008-2013-5-brzina","status":"publish","type":"product","link":"https:\/\/autostil.ba\/maloprodaja\/proizvod\/4888\/rucka-mjenjaca-sa-kozom-asy-skoda-octavia-ii-2008-2013-5-brzina\/","title":{"rendered":"RU\u010cKA MJENJA\u010cA SA KO\u017dOM ASY \u0160KODA OCTAVIA 2 2008-2013 (5 BRZINA)"},"content":{"rendered":"","protected":false},"excerpt":{"rendered":"<p>RU\u010cKA MJENJA\u010cA SA KO\u017dOM ASY \u0160KODA OCTAVIA 2 2008-2013 (5 BRZINA)<\/p>\n","protected":false},"featured_media":130703,"comment_status":"open","ping_status":"closed","template":"","meta":{"_acf_changed":false,"inline_featured_image":false},"product_brand":[],"product_cat":[900],"product_tag":[],"class_list":{"0":"post-130702","1":"product","2":"type-product","3":"status-publish","4":"has-post-thumbnail","6":"product_cat-rucice-mjenjaca-sa-kozom","7":"pa_brend-skoda","9":"first","10":"instock","11":"taxable","12":"shipping-taxable","13":"purchasable","14":"product-type-simple"},"acf":[],"custom_product_id":"4888","_links":{"self":[{"href":"https:\/\/autostil.ba\/maloprodaja\/wp-json\/wp\/v2\/product\/130702","targetHints":{"allow":["GET"]}}],"collection":[{"href":"https:\/\/autostil.ba\/maloprodaja\/wp-json\/wp\/v2\/product"}],"about":[{"href":"https:\/\/autostil.ba\/maloprodaja\/wp-json\/wp\/v2\/types\/product"}],"replies":[{"embeddable":true,"href":"https:\/\/autostil.ba\/maloprodaja\/wp-json\/wp\/v2\/comments?post=130702"}],"version-history":[{"count":2,"href":"https:\/\/autostil.ba\/maloprodaja\/wp-json\/wp\/v2\/product\/130702\/revisions"}],"predecessor-version":[{"id":793050227,"href":"https:\/\/autostil.ba\/maloprodaja\/wp-json\/wp\/v2\/product\/130702\/revisions\/793050227"}],"wp:featuredmedia":[{"embeddable":true,"href":"https:\/\/autostil.ba\/maloprodaja\/wp-json\/wp\/v2\/media\/130703"}],"wp:attachment":[{"href":"https:\/\/autostil.ba\/maloprodaja\/wp-json\/wp\/v2\/media?parent=130702"}],"wp:term":[{"taxonomy":"product_brand","embeddable":true,"href":"https:\/\/autostil.ba\/maloprodaja\/wp-json\/wp\/v2\/product_brand?post=130702"},{"taxonomy":"product_cat","embeddable":true,"href":"https:\/\/autostil.ba\/maloprodaja\/wp-json\/wp\/v2\/product_cat?post=130702"},{"taxonomy":"product_tag","embeddable":true,"href":"https:\/\/autostil.ba\/maloprodaja\/wp-json\/wp\/v2\/product_tag?post=130702"}],"curies":[{"name":"wp","href":"https:\/\/api.w.org\/{rel}","templated":true}]}}