{"id":130612,"date":"2024-12-31T09:59:35","date_gmt":"2024-12-31T07:59:35","guid":{"rendered":"https:\/\/autostil.ba\/maloprodaja\/?post_type=product&#038;p=130612"},"modified":"2026-04-08T11:56:57","modified_gmt":"2026-04-08T09:56:57","slug":"brisac-sa-9-adaptera-80cm-aqua-blade-autosystem","status":"publish","type":"product","link":"https:\/\/autostil.ba\/maloprodaja\/proizvod\/11694\/brisac-sa-9-adaptera-80cm-aqua-blade-autosystem\/","title":{"rendered":"BRISA\u010c SA 9 ADAPTERA 80cm AQUA BLADE AUTOSYSTEM"},"content":{"rendered":"","protected":false},"excerpt":{"rendered":"<p>BRISA\u010c SA 9 ADAPTERA 80cm AQUA BLADE AUTOSYSTEM Metlice brisa\u010da karakteri\u0161e moderan izgled, fenomenalno prijanjenje uz vjetrobransko staklo, a dodatnih 9 adaptera koji su sastavni dio seta, omogu\u0107avaju kompatibilnost na 90% vozila srednje i novije generacije.<\/p>\n","protected":false},"featured_media":130613,"comment_status":"open","ping_status":"closed","template":"","meta":{"_acf_changed":false,"inline_featured_image":false},"product_brand":[],"product_cat":[45],"product_tag":[],"class_list":{"0":"post-130612","1":"product","2":"type-product","3":"status-publish","4":"has-post-thumbnail","6":"product_cat-metlice-brisaca-autosystem","8":"first","9":"instock","10":"taxable","11":"shipping-taxable","12":"purchasable","13":"product-type-simple"},"acf":[],"custom_product_id":"11694","_links":{"self":[{"href":"https:\/\/autostil.ba\/maloprodaja\/wp-json\/wp\/v2\/product\/130612","targetHints":{"allow":["GET"]}}],"collection":[{"href":"https:\/\/autostil.ba\/maloprodaja\/wp-json\/wp\/v2\/product"}],"about":[{"href":"https:\/\/autostil.ba\/maloprodaja\/wp-json\/wp\/v2\/types\/product"}],"replies":[{"embeddable":true,"href":"https:\/\/autostil.ba\/maloprodaja\/wp-json\/wp\/v2\/comments?post=130612"}],"version-history":[{"count":1,"href":"https:\/\/autostil.ba\/maloprodaja\/wp-json\/wp\/v2\/product\/130612\/revisions"}],"predecessor-version":[{"id":130614,"href":"https:\/\/autostil.ba\/maloprodaja\/wp-json\/wp\/v2\/product\/130612\/revisions\/130614"}],"wp:featuredmedia":[{"embeddable":true,"href":"https:\/\/autostil.ba\/maloprodaja\/wp-json\/wp\/v2\/media\/130613"}],"wp:attachment":[{"href":"https:\/\/autostil.ba\/maloprodaja\/wp-json\/wp\/v2\/media?parent=130612"}],"wp:term":[{"taxonomy":"product_brand","embeddable":true,"href":"https:\/\/autostil.ba\/maloprodaja\/wp-json\/wp\/v2\/product_brand?post=130612"},{"taxonomy":"product_cat","embeddable":true,"href":"https:\/\/autostil.ba\/maloprodaja\/wp-json\/wp\/v2\/product_cat?post=130612"},{"taxonomy":"product_tag","embeddable":true,"href":"https:\/\/autostil.ba\/maloprodaja\/wp-json\/wp\/v2\/product_tag?post=130612"}],"curies":[{"name":"wp","href":"https:\/\/api.w.org\/{rel}","templated":true}]}}