{"id":130512,"date":"2024-07-18T08:24:30","date_gmt":"2024-07-18T06:24:30","guid":{"rendered":"https:\/\/autostil.ba\/maloprodaja\/?post_type=product&#038;p=130512"},"modified":"2026-04-08T11:56:51","modified_gmt":"2026-04-08T09:56:51","slug":"oklop-za-kljuc-opel-3-tipke-model-s30","status":"publish","type":"product","link":"https:\/\/autostil.ba\/maloprodaja\/proizvod\/4931\/oklop-za-kljuc-opel-3-tipke-model-s30\/","title":{"rendered":"OKLOP ZA KLJU\u010c OPEL, 3 TIPKE, MODEL S30"},"content":{"rendered":"","protected":false},"excerpt":{"rendered":"<p>OKLOP ZA KLJU\u010c OPEL, 3 TIPKE, MODEL S30  Plasti\u010dno ku\u0107i\u0161te, oklop za auto klju\u010d. Tri tastera, veoma laka zamjena.<\/p>\n","protected":false},"featured_media":130513,"comment_status":"open","ping_status":"closed","template":"","meta":{"_acf_changed":false,"inline_featured_image":false},"product_brand":[],"product_cat":[159],"product_tag":[],"class_list":{"0":"post-130512","1":"product","2":"type-product","3":"status-publish","4":"has-post-thumbnail","6":"product_cat-oklopi-za-kljuceve","7":"pa_brend-opel","9":"first","10":"instock","11":"taxable","12":"shipping-taxable","13":"purchasable","14":"product-type-simple"},"acf":[],"custom_product_id":"4931","_links":{"self":[{"href":"https:\/\/autostil.ba\/maloprodaja\/wp-json\/wp\/v2\/product\/130512","targetHints":{"allow":["GET"]}}],"collection":[{"href":"https:\/\/autostil.ba\/maloprodaja\/wp-json\/wp\/v2\/product"}],"about":[{"href":"https:\/\/autostil.ba\/maloprodaja\/wp-json\/wp\/v2\/types\/product"}],"replies":[{"embeddable":true,"href":"https:\/\/autostil.ba\/maloprodaja\/wp-json\/wp\/v2\/comments?post=130512"}],"version-history":[{"count":1,"href":"https:\/\/autostil.ba\/maloprodaja\/wp-json\/wp\/v2\/product\/130512\/revisions"}],"predecessor-version":[{"id":130514,"href":"https:\/\/autostil.ba\/maloprodaja\/wp-json\/wp\/v2\/product\/130512\/revisions\/130514"}],"wp:featuredmedia":[{"embeddable":true,"href":"https:\/\/autostil.ba\/maloprodaja\/wp-json\/wp\/v2\/media\/130513"}],"wp:attachment":[{"href":"https:\/\/autostil.ba\/maloprodaja\/wp-json\/wp\/v2\/media?parent=130512"}],"wp:term":[{"taxonomy":"product_brand","embeddable":true,"href":"https:\/\/autostil.ba\/maloprodaja\/wp-json\/wp\/v2\/product_brand?post=130512"},{"taxonomy":"product_cat","embeddable":true,"href":"https:\/\/autostil.ba\/maloprodaja\/wp-json\/wp\/v2\/product_cat?post=130512"},{"taxonomy":"product_tag","embeddable":true,"href":"https:\/\/autostil.ba\/maloprodaja\/wp-json\/wp\/v2\/product_tag?post=130512"}],"curies":[{"name":"wp","href":"https:\/\/api.w.org\/{rel}","templated":true}]}}