{"id":130432,"date":"2024-10-30T12:11:26","date_gmt":"2024-10-30T10:11:26","guid":{"rendered":"https:\/\/autostil.ba\/maloprodaja\/?post_type=product&#038;p=130432"},"modified":"2026-04-08T11:56:51","modified_gmt":"2026-04-08T09:56:51","slug":"radio-android-touch-screen-9-tipski-132gb-vw-skoda-seat","status":"publish","type":"product","link":"https:\/\/autostil.ba\/maloprodaja\/proizvod\/7295\/radio-android-touch-screen-9-tipski-132gb-vw-skoda-seat\/","title":{"rendered":"RADIO ANDROID TOUCH SCREEN 9&#8243; TIPSKI 2+32GB A100 CarPlay (VW \/ \u0160KODA \/ SEAT)"},"content":{"rendered":"","protected":false},"excerpt":{"rendered":"<p>Uz ure\u0111aj dobijate:<br \/>\n&#8211; D\u017eekovi za napajanje (tipski)<br \/>\n&#8211; D\u017eek za antenu prelaz<br \/>\n&#8211; GPS Antena<br \/>\n&#8211; Mikrofon<br \/>\n&#8211; USB kabl za muziku 2x<br \/>\n&#8211; Kabl za rikverc kameru<br \/>\n&#8211; Sve ostale potrebne konektore<br \/>\n&#8211; CANBUS modul za ocitavanje podataka sa auta( komande na volanu)<\/p>\n<p>Specifikacije:<br \/>\n&#8211; CPU: ARMv7 Processor rev 3 (v7I)<br \/>\n&#8211; Procesor zvuka: TM2313<br \/>\n&#8211; Android: 13.0<br \/>\n&#8211; Platforma uredjaja: ac8227I<br \/>\n&#8211; MCU: JCCM20-0-2023.06.01_09:44<br \/>\n&#8211; Radna memorija: 2GB<br \/>\n&#8211; Interna memorija : 32GB<br \/>\n&#8211; Radio: FM<br \/>\n&#8211; Bluetooth<br \/>\n&#8211; Radio frequency: FM<br \/>\n&#8211; GPS Navigacija<br \/>\n&#8211; Veli\u010dina ekrana: 9 inch<br \/>\n&#8211; Maximum power output: 4*45W<br \/>\n&#8211; Digital media format:JPEG\/WMA\/MP3\/MP4\/MP5<\/p>\n<p>Podr\u017eana vozila: VW Passat CC 2008-2013; VW Passat 6 2005-2013; VW Passat 7 2009-2013; VW Golf Plus 2008-2013; VW Golf 5 2004-2009; VW Golf 6 2008-2013; VW Tiguan 2007-2013; VW Touran 2004-2013; VW EOS 2006-2013; VW Jetta 2005-2013; VW Caddy 2004-2016; VW Sharan 2010-2013; VW Amarok 2010-2013; VW Scirocco 2008-2013; VW Polo 6R V. 2009-2013; VW T5 Multivan 2010-2013; VW New Bettle 2011-2013; SEAT Altea 2004-2012; SEAT Altea XL 2007-2013; SEAT Alhambra 2010-2015; SEAT Leon 2006-2013; SEAT Toledo 2004-2015; \u0160KODA Fabia 2007-2014; \u0160KODA Superb 2008-2014; \u0160KODA Octavia 2009-2012; \u0160KODA Yeti 2008-2017.<\/p>\n","protected":false},"featured_media":130433,"comment_status":"open","ping_status":"closed","template":"","meta":{"_acf_changed":false,"inline_featured_image":false},"product_brand":[],"product_cat":[162],"product_tag":[],"class_list":{"0":"post-130432","1":"product","2":"type-product","3":"status-publish","4":"has-post-thumbnail","6":"product_cat-audio-video-uredaji-za-automobile","8":"first","9":"instock","10":"taxable","11":"shipping-taxable","12":"purchasable","13":"product-type-simple"},"acf":[],"custom_product_id":"7295","_links":{"self":[{"href":"https:\/\/autostil.ba\/maloprodaja\/wp-json\/wp\/v2\/product\/130432","targetHints":{"allow":["GET"]}}],"collection":[{"href":"https:\/\/autostil.ba\/maloprodaja\/wp-json\/wp\/v2\/product"}],"about":[{"href":"https:\/\/autostil.ba\/maloprodaja\/wp-json\/wp\/v2\/types\/product"}],"replies":[{"embeddable":true,"href":"https:\/\/autostil.ba\/maloprodaja\/wp-json\/wp\/v2\/comments?post=130432"}],"version-history":[{"count":3,"href":"https:\/\/autostil.ba\/maloprodaja\/wp-json\/wp\/v2\/product\/130432\/revisions"}],"predecessor-version":[{"id":793050198,"href":"https:\/\/autostil.ba\/maloprodaja\/wp-json\/wp\/v2\/product\/130432\/revisions\/793050198"}],"wp:featuredmedia":[{"embeddable":true,"href":"https:\/\/autostil.ba\/maloprodaja\/wp-json\/wp\/v2\/media\/130433"}],"wp:attachment":[{"href":"https:\/\/autostil.ba\/maloprodaja\/wp-json\/wp\/v2\/media?parent=130432"}],"wp:term":[{"taxonomy":"product_brand","embeddable":true,"href":"https:\/\/autostil.ba\/maloprodaja\/wp-json\/wp\/v2\/product_brand?post=130432"},{"taxonomy":"product_cat","embeddable":true,"href":"https:\/\/autostil.ba\/maloprodaja\/wp-json\/wp\/v2\/product_cat?post=130432"},{"taxonomy":"product_tag","embeddable":true,"href":"https:\/\/autostil.ba\/maloprodaja\/wp-json\/wp\/v2\/product_tag?post=130432"}],"curies":[{"name":"wp","href":"https:\/\/api.w.org\/{rel}","templated":true}]}}