{"id":130332,"date":"2025-02-10T12:52:22","date_gmt":"2025-02-10T10:52:22","guid":{"rendered":"https:\/\/autostil.ba\/maloprodaja\/?post_type=product&#038;p=130332"},"modified":"2026-04-08T11:56:45","modified_gmt":"2026-04-08T09:56:45","slug":"oklop-za-kljuc-peugeot-3-tipke-sa-logom-i-bez-mjesta-za-bateriju-uski-mac","status":"publish","type":"product","link":"https:\/\/autostil.ba\/maloprodaja\/proizvod\/11806\/oklop-za-kljuc-peugeot-3-tipke-sa-logom-i-bez-mjesta-za-bateriju-uski-mac\/","title":{"rendered":"OKLOP ZA KLJU\u010c PEUGEOT 3 TIPKE SA LOGOM I BEZ MJESTA ZA BATERIJU (USKI MA\u010c)"},"content":{"rendered":"","protected":false},"excerpt":{"rendered":"<p>Plasti\u010dno ku\u0107i\u0161te, oklop za auto klju\u010d. Tri tastera, veoma laka zamjena.<\/p>\n","protected":false},"featured_media":793045877,"comment_status":"open","ping_status":"closed","template":"","meta":{"_acf_changed":false,"inline_featured_image":false},"product_brand":[],"product_cat":[159],"product_tag":[],"class_list":{"0":"post-130332","1":"product","2":"type-product","3":"status-publish","4":"has-post-thumbnail","6":"product_cat-oklopi-za-kljuceve","7":"pa_brend-peugeot","9":"first","10":"instock","11":"taxable","12":"shipping-taxable","13":"purchasable","14":"product-type-simple"},"acf":[],"custom_product_id":"11806","_links":{"self":[{"href":"https:\/\/autostil.ba\/maloprodaja\/wp-json\/wp\/v2\/product\/130332","targetHints":{"allow":["GET"]}}],"collection":[{"href":"https:\/\/autostil.ba\/maloprodaja\/wp-json\/wp\/v2\/product"}],"about":[{"href":"https:\/\/autostil.ba\/maloprodaja\/wp-json\/wp\/v2\/types\/product"}],"replies":[{"embeddable":true,"href":"https:\/\/autostil.ba\/maloprodaja\/wp-json\/wp\/v2\/comments?post=130332"}],"version-history":[{"count":2,"href":"https:\/\/autostil.ba\/maloprodaja\/wp-json\/wp\/v2\/product\/130332\/revisions"}],"predecessor-version":[{"id":793053421,"href":"https:\/\/autostil.ba\/maloprodaja\/wp-json\/wp\/v2\/product\/130332\/revisions\/793053421"}],"wp:featuredmedia":[{"embeddable":true,"href":"https:\/\/autostil.ba\/maloprodaja\/wp-json\/wp\/v2\/media\/793045877"}],"wp:attachment":[{"href":"https:\/\/autostil.ba\/maloprodaja\/wp-json\/wp\/v2\/media?parent=130332"}],"wp:term":[{"taxonomy":"product_brand","embeddable":true,"href":"https:\/\/autostil.ba\/maloprodaja\/wp-json\/wp\/v2\/product_brand?post=130332"},{"taxonomy":"product_cat","embeddable":true,"href":"https:\/\/autostil.ba\/maloprodaja\/wp-json\/wp\/v2\/product_cat?post=130332"},{"taxonomy":"product_tag","embeddable":true,"href":"https:\/\/autostil.ba\/maloprodaja\/wp-json\/wp\/v2\/product_tag?post=130332"}],"curies":[{"name":"wp","href":"https:\/\/api.w.org\/{rel}","templated":true}]}}