{"id":130322,"date":"2025-02-10T10:50:21","date_gmt":"2025-02-10T08:50:21","guid":{"rendered":"https:\/\/autostil.ba\/maloprodaja\/?post_type=product&#038;p=130322"},"modified":"2026-04-09T12:00:30","modified_gmt":"2026-04-09T10:00:30","slug":"oklop-za-kljuc-citroen-3-tipke-sa-logom-i-bez-mjesta-za-bateriju-uski-mac","status":"publish","type":"product","link":"https:\/\/autostil.ba\/maloprodaja\/proizvod\/6906\/oklop-za-kljuc-citroen-3-tipke-sa-logom-i-bez-mjesta-za-bateriju-uski-mac\/","title":{"rendered":"OKLOP ZA KLJU\u010c CITROEN 3 TIPKE SA LOGOM I BEZ MJESTA ZA BATERIJU USKI MA\u010c"},"content":{"rendered":"","protected":false},"excerpt":{"rendered":"<p>OKLOP ZA KLJU\u010c CITROEN 3 TIPKE SA LOGOM I BEZ MJESTA ZA BATERIJU USKI MA\u010c; Plasti\u010dno ku\u0107i\u0161te, oklop za auto klju\u010d. Tri tastera, veoma laka zamjena. Ku\u0107i\u0161te ide sa nenarezanim ma\u010dem.<\/p>\n","protected":false},"featured_media":793045879,"comment_status":"open","ping_status":"closed","template":"","meta":{"_acf_changed":false,"inline_featured_image":false},"product_brand":[],"product_cat":[159],"product_tag":[],"class_list":{"0":"post-130322","1":"product","2":"type-product","3":"status-publish","4":"has-post-thumbnail","6":"product_cat-oklopi-za-kljuceve","7":"pa_brend-citroen","9":"first","10":"instock","11":"taxable","12":"shipping-taxable","13":"purchasable","14":"product-type-simple"},"acf":[],"custom_product_id":"6906","_links":{"self":[{"href":"https:\/\/autostil.ba\/maloprodaja\/wp-json\/wp\/v2\/product\/130322","targetHints":{"allow":["GET"]}}],"collection":[{"href":"https:\/\/autostil.ba\/maloprodaja\/wp-json\/wp\/v2\/product"}],"about":[{"href":"https:\/\/autostil.ba\/maloprodaja\/wp-json\/wp\/v2\/types\/product"}],"replies":[{"embeddable":true,"href":"https:\/\/autostil.ba\/maloprodaja\/wp-json\/wp\/v2\/comments?post=130322"}],"version-history":[{"count":1,"href":"https:\/\/autostil.ba\/maloprodaja\/wp-json\/wp\/v2\/product\/130322\/revisions"}],"predecessor-version":[{"id":130324,"href":"https:\/\/autostil.ba\/maloprodaja\/wp-json\/wp\/v2\/product\/130322\/revisions\/130324"}],"wp:featuredmedia":[{"embeddable":true,"href":"https:\/\/autostil.ba\/maloprodaja\/wp-json\/wp\/v2\/media\/793045879"}],"wp:attachment":[{"href":"https:\/\/autostil.ba\/maloprodaja\/wp-json\/wp\/v2\/media?parent=130322"}],"wp:term":[{"taxonomy":"product_brand","embeddable":true,"href":"https:\/\/autostil.ba\/maloprodaja\/wp-json\/wp\/v2\/product_brand?post=130322"},{"taxonomy":"product_cat","embeddable":true,"href":"https:\/\/autostil.ba\/maloprodaja\/wp-json\/wp\/v2\/product_cat?post=130322"},{"taxonomy":"product_tag","embeddable":true,"href":"https:\/\/autostil.ba\/maloprodaja\/wp-json\/wp\/v2\/product_tag?post=130322"}],"curies":[{"name":"wp","href":"https:\/\/api.w.org\/{rel}","templated":true}]}}