{"id":130152,"date":"2024-07-18T08:24:13","date_gmt":"2024-07-18T08:24:13","guid":{"rendered":"https:\/\/autostil.ba\/maloprodaja\/?post_type=product&#038;p=130152"},"modified":"2026-04-08T11:56:33","modified_gmt":"2026-04-08T09:56:33","slug":"kozna-navlaka-mjenjaca-tipska-citroen-xsara-picasso-2000-2010","status":"publish","type":"product","link":"https:\/\/autostil.ba\/maloprodaja\/proizvod\/3526\/kozna-navlaka-mjenjaca-tipska-citroen-xsara-picasso-2000-2010\/","title":{"rendered":"KO\u017dNA NAVLAKA MJENJA\u010cA TIPSKA CITROEN XSARA PICASSO 2000-2010"},"content":{"rendered":"","protected":false},"excerpt":{"rendered":"<p>KO\u017dNA NAVLAKA MJENJA\u010cA TIPSKA CITROEN XSARA PICASSO 2000-2010<\/p>\n","protected":false},"featured_media":130153,"comment_status":"open","ping_status":"closed","template":"","meta":{"_acf_changed":false,"inline_featured_image":false},"product_brand":[],"product_cat":[901],"product_tag":[],"class_list":{"0":"post-130152","1":"product","2":"type-product","3":"status-publish","4":"has-post-thumbnail","6":"product_cat-koze-mjenjaca","7":"pa_brend-citroen","9":"first","10":"instock","11":"taxable","12":"shipping-taxable","13":"purchasable","14":"product-type-simple"},"acf":[],"custom_product_id":"3526","_links":{"self":[{"href":"https:\/\/autostil.ba\/maloprodaja\/wp-json\/wp\/v2\/product\/130152","targetHints":{"allow":["GET"]}}],"collection":[{"href":"https:\/\/autostil.ba\/maloprodaja\/wp-json\/wp\/v2\/product"}],"about":[{"href":"https:\/\/autostil.ba\/maloprodaja\/wp-json\/wp\/v2\/types\/product"}],"replies":[{"embeddable":true,"href":"https:\/\/autostil.ba\/maloprodaja\/wp-json\/wp\/v2\/comments?post=130152"}],"version-history":[{"count":1,"href":"https:\/\/autostil.ba\/maloprodaja\/wp-json\/wp\/v2\/product\/130152\/revisions"}],"predecessor-version":[{"id":130154,"href":"https:\/\/autostil.ba\/maloprodaja\/wp-json\/wp\/v2\/product\/130152\/revisions\/130154"}],"wp:featuredmedia":[{"embeddable":true,"href":"https:\/\/autostil.ba\/maloprodaja\/wp-json\/wp\/v2\/media\/130153"}],"wp:attachment":[{"href":"https:\/\/autostil.ba\/maloprodaja\/wp-json\/wp\/v2\/media?parent=130152"}],"wp:term":[{"taxonomy":"product_brand","embeddable":true,"href":"https:\/\/autostil.ba\/maloprodaja\/wp-json\/wp\/v2\/product_brand?post=130152"},{"taxonomy":"product_cat","embeddable":true,"href":"https:\/\/autostil.ba\/maloprodaja\/wp-json\/wp\/v2\/product_cat?post=130152"},{"taxonomy":"product_tag","embeddable":true,"href":"https:\/\/autostil.ba\/maloprodaja\/wp-json\/wp\/v2\/product_tag?post=130152"}],"curies":[{"name":"wp","href":"https:\/\/api.w.org\/{rel}","templated":true}]}}