{"id":129712,"date":"2026-02-27T12:14:51","date_gmt":"2026-02-27T10:14:51","guid":{"rendered":"https:\/\/autostil.ba\/maloprodaja\/?post_type=product&#038;p=129712"},"modified":"2026-04-08T11:56:08","modified_gmt":"2026-04-08T09:56:08","slug":"kozna-navlaka-rucke-mjenjaca-tipska-opel-corsa-b-1993-do-2000","status":"publish","type":"product","link":"https:\/\/autostil.ba\/maloprodaja\/proizvod\/7481\/kozna-navlaka-rucke-mjenjaca-tipska-opel-corsa-b-1993-do-2000\/","title":{"rendered":"KO\u017dNA NAVLAKA RU\u010cKE MJENJA\u010cA TIPSKA OPEL CORSA (B) 1993-2000"},"content":{"rendered":"","protected":false},"excerpt":{"rendered":"<p>KO\u017dNA NAVLAKA RU\u010cKE MJENJA\u010cA TIPSKA OPEL CORSA (B) 1993-2000<\/p>\n","protected":false},"featured_media":129713,"comment_status":"open","ping_status":"closed","template":"","meta":{"_acf_changed":false,"inline_featured_image":false},"product_brand":[],"product_cat":[901],"product_tag":[],"class_list":{"0":"post-129712","1":"product","2":"type-product","3":"status-publish","4":"has-post-thumbnail","6":"product_cat-koze-mjenjaca","7":"pa_brend-opel","9":"first","10":"instock","11":"taxable","12":"shipping-taxable","13":"purchasable","14":"product-type-simple"},"acf":[],"custom_product_id":"7481","_links":{"self":[{"href":"https:\/\/autostil.ba\/maloprodaja\/wp-json\/wp\/v2\/product\/129712","targetHints":{"allow":["GET"]}}],"collection":[{"href":"https:\/\/autostil.ba\/maloprodaja\/wp-json\/wp\/v2\/product"}],"about":[{"href":"https:\/\/autostil.ba\/maloprodaja\/wp-json\/wp\/v2\/types\/product"}],"replies":[{"embeddable":true,"href":"https:\/\/autostil.ba\/maloprodaja\/wp-json\/wp\/v2\/comments?post=129712"}],"version-history":[{"count":2,"href":"https:\/\/autostil.ba\/maloprodaja\/wp-json\/wp\/v2\/product\/129712\/revisions"}],"predecessor-version":[{"id":793056914,"href":"https:\/\/autostil.ba\/maloprodaja\/wp-json\/wp\/v2\/product\/129712\/revisions\/793056914"}],"wp:featuredmedia":[{"embeddable":true,"href":"https:\/\/autostil.ba\/maloprodaja\/wp-json\/wp\/v2\/media\/129713"}],"wp:attachment":[{"href":"https:\/\/autostil.ba\/maloprodaja\/wp-json\/wp\/v2\/media?parent=129712"}],"wp:term":[{"taxonomy":"product_brand","embeddable":true,"href":"https:\/\/autostil.ba\/maloprodaja\/wp-json\/wp\/v2\/product_brand?post=129712"},{"taxonomy":"product_cat","embeddable":true,"href":"https:\/\/autostil.ba\/maloprodaja\/wp-json\/wp\/v2\/product_cat?post=129712"},{"taxonomy":"product_tag","embeddable":true,"href":"https:\/\/autostil.ba\/maloprodaja\/wp-json\/wp\/v2\/product_tag?post=129712"}],"curies":[{"name":"wp","href":"https:\/\/api.w.org\/{rel}","templated":true}]}}