{"id":129682,"date":"2024-07-18T08:23:50","date_gmt":"2024-07-18T08:23:50","guid":{"rendered":"https:\/\/autostil.ba\/maloprodaja\/?post_type=product&#038;p=129682"},"modified":"2026-04-08T11:56:02","modified_gmt":"2026-04-08T09:56:02","slug":"treptaci-led-asy-narandzasti-12v","status":"publish","type":"product","link":"https:\/\/autostil.ba\/maloprodaja\/proizvod\/6968\/treptaci-led-asy-narandzasti-12v\/","title":{"rendered":"TREPTA\u010cI LED ASY NARAND\u017dASTI 12V"},"content":{"rendered":"","protected":false},"excerpt":{"rendered":"<p>TREPTA\u010cI LED ASY NARAND\u017dASTI 12V<\/p>\n","protected":false},"featured_media":129683,"comment_status":"open","ping_status":"closed","template":"","meta":{"_acf_changed":false,"inline_featured_image":false},"product_brand":[],"product_cat":[101],"product_tag":[],"class_list":{"0":"post-129682","1":"product","2":"type-product","3":"status-publish","4":"has-post-thumbnail","6":"product_cat-rotaciona-svijetla","8":"first","9":"instock","10":"taxable","11":"shipping-taxable","12":"purchasable","13":"product-type-simple"},"acf":[],"custom_product_id":"6968","_links":{"self":[{"href":"https:\/\/autostil.ba\/maloprodaja\/wp-json\/wp\/v2\/product\/129682","targetHints":{"allow":["GET"]}}],"collection":[{"href":"https:\/\/autostil.ba\/maloprodaja\/wp-json\/wp\/v2\/product"}],"about":[{"href":"https:\/\/autostil.ba\/maloprodaja\/wp-json\/wp\/v2\/types\/product"}],"replies":[{"embeddable":true,"href":"https:\/\/autostil.ba\/maloprodaja\/wp-json\/wp\/v2\/comments?post=129682"}],"version-history":[{"count":1,"href":"https:\/\/autostil.ba\/maloprodaja\/wp-json\/wp\/v2\/product\/129682\/revisions"}],"predecessor-version":[{"id":129684,"href":"https:\/\/autostil.ba\/maloprodaja\/wp-json\/wp\/v2\/product\/129682\/revisions\/129684"}],"wp:featuredmedia":[{"embeddable":true,"href":"https:\/\/autostil.ba\/maloprodaja\/wp-json\/wp\/v2\/media\/129683"}],"wp:attachment":[{"href":"https:\/\/autostil.ba\/maloprodaja\/wp-json\/wp\/v2\/media?parent=129682"}],"wp:term":[{"taxonomy":"product_brand","embeddable":true,"href":"https:\/\/autostil.ba\/maloprodaja\/wp-json\/wp\/v2\/product_brand?post=129682"},{"taxonomy":"product_cat","embeddable":true,"href":"https:\/\/autostil.ba\/maloprodaja\/wp-json\/wp\/v2\/product_cat?post=129682"},{"taxonomy":"product_tag","embeddable":true,"href":"https:\/\/autostil.ba\/maloprodaja\/wp-json\/wp\/v2\/product_tag?post=129682"}],"curies":[{"name":"wp","href":"https:\/\/api.w.org\/{rel}","templated":true}]}}