{"id":129582,"date":"2024-07-18T08:23:46","date_gmt":"2024-07-18T08:23:46","guid":{"rendered":"https:\/\/autostil.ba\/maloprodaja\/?post_type=product&#038;p=129582"},"modified":"2026-04-08T11:55:56","modified_gmt":"2026-04-08T09:55:56","slug":"privjesak-za-kljuc-koza-metal-skoda","status":"publish","type":"product","link":"https:\/\/autostil.ba\/maloprodaja\/proizvod\/7113\/privjesak-za-kljuc-koza-metal-skoda\/","title":{"rendered":"PRIVJESAK ZA KLJU\u010c KO\u017dA METAL \u0160KODA"},"content":{"rendered":"","protected":false},"excerpt":{"rendered":"<p>PRIVJESAK ZA KLJU\u010c KO\u017dA METAL \u0160KODA<\/p>\n","protected":false},"featured_media":129583,"comment_status":"open","ping_status":"closed","template":"","meta":{"_acf_changed":false,"inline_featured_image":false},"product_brand":[],"product_cat":[149],"product_tag":[],"class_list":{"0":"post-129582","1":"product","2":"type-product","3":"status-publish","4":"has-post-thumbnail","6":"product_cat-privjesci-i-torbice-za-kljuceve","8":"first","9":"instock","10":"taxable","11":"shipping-taxable","12":"purchasable","13":"product-type-simple"},"acf":[],"custom_product_id":"7113","_links":{"self":[{"href":"https:\/\/autostil.ba\/maloprodaja\/wp-json\/wp\/v2\/product\/129582","targetHints":{"allow":["GET"]}}],"collection":[{"href":"https:\/\/autostil.ba\/maloprodaja\/wp-json\/wp\/v2\/product"}],"about":[{"href":"https:\/\/autostil.ba\/maloprodaja\/wp-json\/wp\/v2\/types\/product"}],"replies":[{"embeddable":true,"href":"https:\/\/autostil.ba\/maloprodaja\/wp-json\/wp\/v2\/comments?post=129582"}],"version-history":[{"count":1,"href":"https:\/\/autostil.ba\/maloprodaja\/wp-json\/wp\/v2\/product\/129582\/revisions"}],"predecessor-version":[{"id":129584,"href":"https:\/\/autostil.ba\/maloprodaja\/wp-json\/wp\/v2\/product\/129582\/revisions\/129584"}],"wp:featuredmedia":[{"embeddable":true,"href":"https:\/\/autostil.ba\/maloprodaja\/wp-json\/wp\/v2\/media\/129583"}],"wp:attachment":[{"href":"https:\/\/autostil.ba\/maloprodaja\/wp-json\/wp\/v2\/media?parent=129582"}],"wp:term":[{"taxonomy":"product_brand","embeddable":true,"href":"https:\/\/autostil.ba\/maloprodaja\/wp-json\/wp\/v2\/product_brand?post=129582"},{"taxonomy":"product_cat","embeddable":true,"href":"https:\/\/autostil.ba\/maloprodaja\/wp-json\/wp\/v2\/product_cat?post=129582"},{"taxonomy":"product_tag","embeddable":true,"href":"https:\/\/autostil.ba\/maloprodaja\/wp-json\/wp\/v2\/product_tag?post=129582"}],"curies":[{"name":"wp","href":"https:\/\/api.w.org\/{rel}","templated":true}]}}