{"id":128592,"date":"2025-09-08T14:59:59","date_gmt":"2025-09-08T12:59:59","guid":{"rendered":"https:\/\/autostil.ba\/maloprodaja\/?post_type=product&#038;p=128592"},"modified":"2026-04-08T11:55:02","modified_gmt":"2026-04-08T09:55:02","slug":"kozna-navlaka-mjenjaca-tipska-citroen-c5-2008-2017","status":"publish","type":"product","link":"https:\/\/autostil.ba\/maloprodaja\/proizvod\/7201\/kozna-navlaka-mjenjaca-tipska-citroen-c5-2008-2017\/","title":{"rendered":"KO\u017dNA NAVLAKA MJENJA\u010cA TIPSKA CITROEN C5 2008-2017"},"content":{"rendered":"","protected":false},"excerpt":{"rendered":"<p>KO\u017dNA NAVLAKA MJENJA\u010cA TIPSKA CITROEN C5 2008-2017<\/p>\n","protected":false},"featured_media":128593,"comment_status":"open","ping_status":"closed","template":"","meta":{"_acf_changed":false,"inline_featured_image":false},"product_brand":[],"product_cat":[901],"product_tag":[],"class_list":{"0":"post-128592","1":"product","2":"type-product","3":"status-publish","4":"has-post-thumbnail","6":"product_cat-koze-mjenjaca","7":"pa_brend-citroen","9":"first","10":"instock","11":"taxable","12":"shipping-taxable","13":"purchasable","14":"product-type-simple"},"acf":[],"custom_product_id":"7201","_links":{"self":[{"href":"https:\/\/autostil.ba\/maloprodaja\/wp-json\/wp\/v2\/product\/128592","targetHints":{"allow":["GET"]}}],"collection":[{"href":"https:\/\/autostil.ba\/maloprodaja\/wp-json\/wp\/v2\/product"}],"about":[{"href":"https:\/\/autostil.ba\/maloprodaja\/wp-json\/wp\/v2\/types\/product"}],"replies":[{"embeddable":true,"href":"https:\/\/autostil.ba\/maloprodaja\/wp-json\/wp\/v2\/comments?post=128592"}],"version-history":[{"count":1,"href":"https:\/\/autostil.ba\/maloprodaja\/wp-json\/wp\/v2\/product\/128592\/revisions"}],"predecessor-version":[{"id":128594,"href":"https:\/\/autostil.ba\/maloprodaja\/wp-json\/wp\/v2\/product\/128592\/revisions\/128594"}],"wp:featuredmedia":[{"embeddable":true,"href":"https:\/\/autostil.ba\/maloprodaja\/wp-json\/wp\/v2\/media\/128593"}],"wp:attachment":[{"href":"https:\/\/autostil.ba\/maloprodaja\/wp-json\/wp\/v2\/media?parent=128592"}],"wp:term":[{"taxonomy":"product_brand","embeddable":true,"href":"https:\/\/autostil.ba\/maloprodaja\/wp-json\/wp\/v2\/product_brand?post=128592"},{"taxonomy":"product_cat","embeddable":true,"href":"https:\/\/autostil.ba\/maloprodaja\/wp-json\/wp\/v2\/product_cat?post=128592"},{"taxonomy":"product_tag","embeddable":true,"href":"https:\/\/autostil.ba\/maloprodaja\/wp-json\/wp\/v2\/product_tag?post=128592"}],"curies":[{"name":"wp","href":"https:\/\/api.w.org\/{rel}","templated":true}]}}