{"id":128452,"date":"2025-03-19T10:01:53","date_gmt":"2025-03-19T08:01:53","guid":{"rendered":"https:\/\/autostil.ba\/maloprodaja\/?post_type=product&#038;p=128452"},"modified":"2026-04-08T11:54:51","modified_gmt":"2026-04-08T09:54:51","slug":"kozna-navlaka-mjenjaca-tipska-vw-passat-b6-2005-2010","status":"publish","type":"product","link":"https:\/\/autostil.ba\/maloprodaja\/proizvod\/3555\/kozna-navlaka-mjenjaca-tipska-vw-passat-b6-2005-2010\/","title":{"rendered":"KO\u017dNA NAVLAKA MJENJA\u010cA TIPSKA VW PASSAT B6 2005-2010"},"content":{"rendered":"","protected":false},"excerpt":{"rendered":"<p>KO\u017dNA NAVLAKA MJENJA\u010cA TIPSKA VW PASSAT B6 2005-2010<\/p>\n","protected":false},"featured_media":793047427,"comment_status":"open","ping_status":"closed","template":"","meta":{"_acf_changed":false,"inline_featured_image":false},"product_brand":[],"product_cat":[901],"product_tag":[],"class_list":{"0":"post-128452","1":"product","2":"type-product","3":"status-publish","4":"has-post-thumbnail","6":"product_cat-koze-mjenjaca","7":"pa_brend-volkswagen","9":"first","10":"instock","11":"taxable","12":"shipping-taxable","13":"purchasable","14":"product-type-simple"},"acf":[],"custom_product_id":"3555","_links":{"self":[{"href":"https:\/\/autostil.ba\/maloprodaja\/wp-json\/wp\/v2\/product\/128452","targetHints":{"allow":["GET"]}}],"collection":[{"href":"https:\/\/autostil.ba\/maloprodaja\/wp-json\/wp\/v2\/product"}],"about":[{"href":"https:\/\/autostil.ba\/maloprodaja\/wp-json\/wp\/v2\/types\/product"}],"replies":[{"embeddable":true,"href":"https:\/\/autostil.ba\/maloprodaja\/wp-json\/wp\/v2\/comments?post=128452"}],"version-history":[{"count":1,"href":"https:\/\/autostil.ba\/maloprodaja\/wp-json\/wp\/v2\/product\/128452\/revisions"}],"predecessor-version":[{"id":128454,"href":"https:\/\/autostil.ba\/maloprodaja\/wp-json\/wp\/v2\/product\/128452\/revisions\/128454"}],"wp:featuredmedia":[{"embeddable":true,"href":"https:\/\/autostil.ba\/maloprodaja\/wp-json\/wp\/v2\/media\/793047427"}],"wp:attachment":[{"href":"https:\/\/autostil.ba\/maloprodaja\/wp-json\/wp\/v2\/media?parent=128452"}],"wp:term":[{"taxonomy":"product_brand","embeddable":true,"href":"https:\/\/autostil.ba\/maloprodaja\/wp-json\/wp\/v2\/product_brand?post=128452"},{"taxonomy":"product_cat","embeddable":true,"href":"https:\/\/autostil.ba\/maloprodaja\/wp-json\/wp\/v2\/product_cat?post=128452"},{"taxonomy":"product_tag","embeddable":true,"href":"https:\/\/autostil.ba\/maloprodaja\/wp-json\/wp\/v2\/product_tag?post=128452"}],"curies":[{"name":"wp","href":"https:\/\/api.w.org\/{rel}","templated":true}]}}