{"id":128182,"date":"2025-09-24T13:41:40","date_gmt":"2025-09-24T11:41:40","guid":{"rendered":"https:\/\/autostil.ba\/maloprodaja\/?post_type=product&#038;p=128182"},"modified":"2026-04-08T11:54:40","modified_gmt":"2026-04-08T09:54:40","slug":"felga-aluminijumska-vw-16x6-5-p5340","status":"publish","type":"product","link":"https:\/\/autostil.ba\/maloprodaja\/proizvod\/6803\/felga-aluminijumska-vw-16x6-5-p5340\/","title":{"rendered":"FELGA ALUMINIJUMSKA VW 16X6.5 P5340"},"content":{"rendered":"","protected":false},"excerpt":{"rendered":"<p>FELGA ALUMINIJUMSKA VW 16X6.5 P5340 : Veli\u010dina felge: 16 inch; \u0160irina felge: 6,5 J; Raspon rupa: 5&#215;112; Pre\u010dnik centralne rupe: 57,1 mm; ET: 40<\/p>\n","protected":false},"featured_media":793047220,"comment_status":"open","ping_status":"closed","template":"","meta":{"_acf_changed":false,"inline_featured_image":false},"product_brand":[],"product_cat":[163],"product_tag":[],"class_list":{"0":"post-128182","1":"product","2":"type-product","3":"status-publish","4":"has-post-thumbnail","6":"product_cat-aluminijske-felge","7":"pa_brend-volkswagen","8":"pa_velicina-236","10":"first","11":"instock","12":"taxable","13":"shipping-taxable","14":"purchasable","15":"product-type-simple"},"acf":[],"custom_product_id":"6803","_links":{"self":[{"href":"https:\/\/autostil.ba\/maloprodaja\/wp-json\/wp\/v2\/product\/128182","targetHints":{"allow":["GET"]}}],"collection":[{"href":"https:\/\/autostil.ba\/maloprodaja\/wp-json\/wp\/v2\/product"}],"about":[{"href":"https:\/\/autostil.ba\/maloprodaja\/wp-json\/wp\/v2\/types\/product"}],"replies":[{"embeddable":true,"href":"https:\/\/autostil.ba\/maloprodaja\/wp-json\/wp\/v2\/comments?post=128182"}],"version-history":[{"count":1,"href":"https:\/\/autostil.ba\/maloprodaja\/wp-json\/wp\/v2\/product\/128182\/revisions"}],"predecessor-version":[{"id":128184,"href":"https:\/\/autostil.ba\/maloprodaja\/wp-json\/wp\/v2\/product\/128182\/revisions\/128184"}],"wp:featuredmedia":[{"embeddable":true,"href":"https:\/\/autostil.ba\/maloprodaja\/wp-json\/wp\/v2\/media\/793047220"}],"wp:attachment":[{"href":"https:\/\/autostil.ba\/maloprodaja\/wp-json\/wp\/v2\/media?parent=128182"}],"wp:term":[{"taxonomy":"product_brand","embeddable":true,"href":"https:\/\/autostil.ba\/maloprodaja\/wp-json\/wp\/v2\/product_brand?post=128182"},{"taxonomy":"product_cat","embeddable":true,"href":"https:\/\/autostil.ba\/maloprodaja\/wp-json\/wp\/v2\/product_cat?post=128182"},{"taxonomy":"product_tag","embeddable":true,"href":"https:\/\/autostil.ba\/maloprodaja\/wp-json\/wp\/v2\/product_tag?post=128182"}],"curies":[{"name":"wp","href":"https:\/\/api.w.org\/{rel}","templated":true}]}}