{"id":128142,"date":"2025-12-01T16:04:38","date_gmt":"2025-12-01T14:04:38","guid":{"rendered":"https:\/\/autostil.ba\/maloprodaja\/?post_type=product&#038;p=128142"},"modified":"2026-04-08T11:54:40","modified_gmt":"2026-04-08T09:54:40","slug":"felga-aluminijumska-skoda-16x7-0-p5293","status":"publish","type":"product","link":"https:\/\/autostil.ba\/maloprodaja\/proizvod\/8281\/felga-aluminijumska-skoda-16x7-0-p5293\/","title":{"rendered":"FELGA ALUMINIJUMSKA \u0160KODA 16X7.0 P5293"},"content":{"rendered":"","protected":false},"excerpt":{"rendered":"<p>FELGA ALUMINIJUMSKA \u0160KODA 16X7.0 P5293 : Veli\u010dina felge: 16 inch; \u0160irina felge: 7,0 J; Raspon rupa: 5&#215;112; Pre\u010dnik centralne rupe: 57,1 mm; ET: 42<\/p>\n","protected":false},"featured_media":128143,"comment_status":"open","ping_status":"closed","template":"","meta":{"_acf_changed":false,"inline_featured_image":false},"product_brand":[],"product_cat":[163],"product_tag":[],"class_list":{"0":"post-128142","1":"product","2":"type-product","3":"status-publish","4":"has-post-thumbnail","6":"product_cat-aluminijske-felge","7":"pa_brend-skoda","8":"pa_velicina-236","10":"first","11":"instock","12":"taxable","13":"shipping-taxable","14":"purchasable","15":"product-type-simple"},"acf":[],"custom_product_id":"8281","_links":{"self":[{"href":"https:\/\/autostil.ba\/maloprodaja\/wp-json\/wp\/v2\/product\/128142","targetHints":{"allow":["GET"]}}],"collection":[{"href":"https:\/\/autostil.ba\/maloprodaja\/wp-json\/wp\/v2\/product"}],"about":[{"href":"https:\/\/autostil.ba\/maloprodaja\/wp-json\/wp\/v2\/types\/product"}],"replies":[{"embeddable":true,"href":"https:\/\/autostil.ba\/maloprodaja\/wp-json\/wp\/v2\/comments?post=128142"}],"version-history":[{"count":1,"href":"https:\/\/autostil.ba\/maloprodaja\/wp-json\/wp\/v2\/product\/128142\/revisions"}],"predecessor-version":[{"id":128144,"href":"https:\/\/autostil.ba\/maloprodaja\/wp-json\/wp\/v2\/product\/128142\/revisions\/128144"}],"wp:featuredmedia":[{"embeddable":true,"href":"https:\/\/autostil.ba\/maloprodaja\/wp-json\/wp\/v2\/media\/128143"}],"wp:attachment":[{"href":"https:\/\/autostil.ba\/maloprodaja\/wp-json\/wp\/v2\/media?parent=128142"}],"wp:term":[{"taxonomy":"product_brand","embeddable":true,"href":"https:\/\/autostil.ba\/maloprodaja\/wp-json\/wp\/v2\/product_brand?post=128142"},{"taxonomy":"product_cat","embeddable":true,"href":"https:\/\/autostil.ba\/maloprodaja\/wp-json\/wp\/v2\/product_cat?post=128142"},{"taxonomy":"product_tag","embeddable":true,"href":"https:\/\/autostil.ba\/maloprodaja\/wp-json\/wp\/v2\/product_tag?post=128142"}],"curies":[{"name":"wp","href":"https:\/\/api.w.org\/{rel}","templated":true}]}}