{"id":127972,"date":"2025-09-04T12:21:29","date_gmt":"2025-09-04T10:21:29","guid":{"rendered":"https:\/\/autostil.ba\/maloprodaja\/?post_type=product&#038;p=127972"},"modified":"2026-04-08T11:54:34","modified_gmt":"2026-04-08T09:54:34","slug":"felga-aluminijumska-honda-16x6-5-p5296","status":"publish","type":"product","link":"https:\/\/autostil.ba\/maloprodaja\/proizvod\/10028\/felga-aluminijumska-honda-16x6-5-p5296\/","title":{"rendered":"FELGA ALUMINIJUMSKA HONDA 16X6.5 P5296"},"content":{"rendered":"","protected":false},"excerpt":{"rendered":"<p>FELGA ALUMINIJUMSKA HONDA 16X6.5 P5296 Veli\u010dina felge: 16 inch; \u0160irina felge: 6,5 J; Raspon rupa: 4&#215;100; Pre\u010dnik centralne rupe: 60,1 mm; ET: 38<\/p>\n","protected":false},"featured_media":127973,"comment_status":"open","ping_status":"closed","template":"","meta":{"_acf_changed":false,"inline_featured_image":false},"product_brand":[],"product_cat":[163],"product_tag":[],"class_list":{"0":"post-127972","1":"product","2":"type-product","3":"status-publish","4":"has-post-thumbnail","6":"product_cat-aluminijske-felge","7":"pa_brend-honda","8":"pa_velicina-236","10":"first","11":"instock","12":"taxable","13":"shipping-taxable","14":"purchasable","15":"product-type-simple"},"acf":[],"custom_product_id":"10028","_links":{"self":[{"href":"https:\/\/autostil.ba\/maloprodaja\/wp-json\/wp\/v2\/product\/127972","targetHints":{"allow":["GET"]}}],"collection":[{"href":"https:\/\/autostil.ba\/maloprodaja\/wp-json\/wp\/v2\/product"}],"about":[{"href":"https:\/\/autostil.ba\/maloprodaja\/wp-json\/wp\/v2\/types\/product"}],"replies":[{"embeddable":true,"href":"https:\/\/autostil.ba\/maloprodaja\/wp-json\/wp\/v2\/comments?post=127972"}],"version-history":[{"count":1,"href":"https:\/\/autostil.ba\/maloprodaja\/wp-json\/wp\/v2\/product\/127972\/revisions"}],"predecessor-version":[{"id":127974,"href":"https:\/\/autostil.ba\/maloprodaja\/wp-json\/wp\/v2\/product\/127972\/revisions\/127974"}],"wp:featuredmedia":[{"embeddable":true,"href":"https:\/\/autostil.ba\/maloprodaja\/wp-json\/wp\/v2\/media\/127973"}],"wp:attachment":[{"href":"https:\/\/autostil.ba\/maloprodaja\/wp-json\/wp\/v2\/media?parent=127972"}],"wp:term":[{"taxonomy":"product_brand","embeddable":true,"href":"https:\/\/autostil.ba\/maloprodaja\/wp-json\/wp\/v2\/product_brand?post=127972"},{"taxonomy":"product_cat","embeddable":true,"href":"https:\/\/autostil.ba\/maloprodaja\/wp-json\/wp\/v2\/product_cat?post=127972"},{"taxonomy":"product_tag","embeddable":true,"href":"https:\/\/autostil.ba\/maloprodaja\/wp-json\/wp\/v2\/product_tag?post=127972"}],"curies":[{"name":"wp","href":"https:\/\/api.w.org\/{rel}","templated":true}]}}