{"id":127702,"date":"2025-09-04T11:17:14","date_gmt":"2025-09-04T09:17:14","guid":{"rendered":"https:\/\/autostil.ba\/maloprodaja\/?post_type=product&#038;p=127702"},"modified":"2026-04-08T11:54:22","modified_gmt":"2026-04-08T09:54:22","slug":"felga-aluminijumska-mazda-17x7-0-p5463","status":"publish","type":"product","link":"https:\/\/autostil.ba\/maloprodaja\/proizvod\/13060\/felga-aluminijumska-mazda-17x7-0-p5463\/","title":{"rendered":"FELGA ALUMINIJUMSKA MAZDA 17X7.0 P5463"},"content":{"rendered":"","protected":false},"excerpt":{"rendered":"<p>FELGA ALUMINIJUMSKA MAZDA 17X7.0 P5463 : Veli\u010dina felge: 17 inch; \u0160irina felge: 7,0 J; Raspon rupa: 5&#215;114,3; Pre\u010dnik centralne rupe: 73,1 mm; ET: 40<\/p>\n","protected":false},"featured_media":793047200,"comment_status":"open","ping_status":"closed","template":"","meta":{"_acf_changed":false,"inline_featured_image":false},"product_brand":[],"product_cat":[163],"product_tag":[],"class_list":{"0":"post-127702","1":"product","2":"type-product","3":"status-publish","4":"has-post-thumbnail","6":"product_cat-aluminijske-felge","7":"pa_brend-mazda","8":"pa_velicina-256","10":"first","11":"instock","12":"taxable","13":"shipping-taxable","14":"purchasable","15":"product-type-simple"},"acf":[],"custom_product_id":"13060","_links":{"self":[{"href":"https:\/\/autostil.ba\/maloprodaja\/wp-json\/wp\/v2\/product\/127702","targetHints":{"allow":["GET"]}}],"collection":[{"href":"https:\/\/autostil.ba\/maloprodaja\/wp-json\/wp\/v2\/product"}],"about":[{"href":"https:\/\/autostil.ba\/maloprodaja\/wp-json\/wp\/v2\/types\/product"}],"replies":[{"embeddable":true,"href":"https:\/\/autostil.ba\/maloprodaja\/wp-json\/wp\/v2\/comments?post=127702"}],"version-history":[{"count":1,"href":"https:\/\/autostil.ba\/maloprodaja\/wp-json\/wp\/v2\/product\/127702\/revisions"}],"predecessor-version":[{"id":127704,"href":"https:\/\/autostil.ba\/maloprodaja\/wp-json\/wp\/v2\/product\/127702\/revisions\/127704"}],"wp:featuredmedia":[{"embeddable":true,"href":"https:\/\/autostil.ba\/maloprodaja\/wp-json\/wp\/v2\/media\/793047200"}],"wp:attachment":[{"href":"https:\/\/autostil.ba\/maloprodaja\/wp-json\/wp\/v2\/media?parent=127702"}],"wp:term":[{"taxonomy":"product_brand","embeddable":true,"href":"https:\/\/autostil.ba\/maloprodaja\/wp-json\/wp\/v2\/product_brand?post=127702"},{"taxonomy":"product_cat","embeddable":true,"href":"https:\/\/autostil.ba\/maloprodaja\/wp-json\/wp\/v2\/product_cat?post=127702"},{"taxonomy":"product_tag","embeddable":true,"href":"https:\/\/autostil.ba\/maloprodaja\/wp-json\/wp\/v2\/product_tag?post=127702"}],"curies":[{"name":"wp","href":"https:\/\/api.w.org\/{rel}","templated":true}]}}