{"id":127492,"date":"2025-12-01T16:14:01","date_gmt":"2025-12-01T14:14:01","guid":{"rendered":"https:\/\/autostil.ba\/maloprodaja\/?post_type=product&#038;p=127492"},"modified":"2026-04-08T11:54:10","modified_gmt":"2026-04-08T09:54:10","slug":"felga-aluminijumska-volvo-18x8-0-p5399","status":"publish","type":"product","link":"https:\/\/autostil.ba\/maloprodaja\/proizvod\/7470\/felga-aluminijumska-volvo-18x8-0-p5399\/","title":{"rendered":"FELGA ALUMINIJUMSKA VOLVO 18X8.0 P5399"},"content":{"rendered":"","protected":false},"excerpt":{"rendered":"<p>FELGA ALUMINIJUMSKA 18X8.0 P5399 : Veli\u010dina felge: 18 inch; \u0160irina felge: 8,0 jota; Raspon rupa: 5&#215;108; Pre\u010dnik centralne rupe: 65,1 mm; ET: 50<\/p>\n","protected":false},"featured_media":793047163,"comment_status":"open","ping_status":"closed","template":"","meta":{"_acf_changed":false,"inline_featured_image":false},"product_brand":[],"product_cat":[163],"product_tag":[],"class_list":{"0":"post-127492","1":"product","2":"type-product","3":"status-publish","4":"has-post-thumbnail","6":"product_cat-aluminijske-felge","7":"pa_brend-volvo","8":"pa_velicina-226","10":"first","11":"instock","12":"taxable","13":"shipping-taxable","14":"purchasable","15":"product-type-simple"},"acf":[],"custom_product_id":"7470","_links":{"self":[{"href":"https:\/\/autostil.ba\/maloprodaja\/wp-json\/wp\/v2\/product\/127492","targetHints":{"allow":["GET"]}}],"collection":[{"href":"https:\/\/autostil.ba\/maloprodaja\/wp-json\/wp\/v2\/product"}],"about":[{"href":"https:\/\/autostil.ba\/maloprodaja\/wp-json\/wp\/v2\/types\/product"}],"replies":[{"embeddable":true,"href":"https:\/\/autostil.ba\/maloprodaja\/wp-json\/wp\/v2\/comments?post=127492"}],"version-history":[{"count":1,"href":"https:\/\/autostil.ba\/maloprodaja\/wp-json\/wp\/v2\/product\/127492\/revisions"}],"predecessor-version":[{"id":127494,"href":"https:\/\/autostil.ba\/maloprodaja\/wp-json\/wp\/v2\/product\/127492\/revisions\/127494"}],"wp:featuredmedia":[{"embeddable":true,"href":"https:\/\/autostil.ba\/maloprodaja\/wp-json\/wp\/v2\/media\/793047163"}],"wp:attachment":[{"href":"https:\/\/autostil.ba\/maloprodaja\/wp-json\/wp\/v2\/media?parent=127492"}],"wp:term":[{"taxonomy":"product_brand","embeddable":true,"href":"https:\/\/autostil.ba\/maloprodaja\/wp-json\/wp\/v2\/product_brand?post=127492"},{"taxonomy":"product_cat","embeddable":true,"href":"https:\/\/autostil.ba\/maloprodaja\/wp-json\/wp\/v2\/product_cat?post=127492"},{"taxonomy":"product_tag","embeddable":true,"href":"https:\/\/autostil.ba\/maloprodaja\/wp-json\/wp\/v2\/product_tag?post=127492"}],"curies":[{"name":"wp","href":"https:\/\/api.w.org\/{rel}","templated":true}]}}