{"id":127472,"date":"2025-09-04T10:35:00","date_gmt":"2025-09-04T08:35:00","guid":{"rendered":"https:\/\/autostil.ba\/maloprodaja\/?post_type=product&#038;p=127472"},"modified":"2026-04-09T12:00:30","modified_gmt":"2026-04-09T10:00:30","slug":"felga-aluminijumska-vw-18x8-0-p5287","status":"publish","type":"product","link":"https:\/\/autostil.ba\/maloprodaja\/proizvod\/7319\/felga-aluminijumska-vw-18x8-0-p5287\/","title":{"rendered":"FELGA ALUMINIJUMSKA VW 18X8.0 P5287"},"content":{"rendered":"","protected":false},"excerpt":{"rendered":"<p>FELGA ALUMINIJUMSKA VW 18X8.0 P5287 : Veli\u010dina felge: 18 inch; \u0160irina felge: 8,0 J; Raspon rupa: 5&#215;112; Pre\u010dnik centralne rupe: 57,1 mm; ET: 45<\/p>\n","protected":false},"featured_media":127473,"comment_status":"open","ping_status":"closed","template":"","meta":{"_acf_changed":false,"inline_featured_image":false},"product_brand":[],"product_cat":[163],"product_tag":[],"class_list":{"0":"post-127472","1":"product","2":"type-product","3":"status-publish","4":"has-post-thumbnail","6":"product_cat-aluminijske-felge","7":"pa_brend-volkswagen","8":"pa_velicina-226","10":"first","11":"instock","12":"taxable","13":"shipping-taxable","14":"purchasable","15":"product-type-simple"},"acf":[],"custom_product_id":"7319","_links":{"self":[{"href":"https:\/\/autostil.ba\/maloprodaja\/wp-json\/wp\/v2\/product\/127472","targetHints":{"allow":["GET"]}}],"collection":[{"href":"https:\/\/autostil.ba\/maloprodaja\/wp-json\/wp\/v2\/product"}],"about":[{"href":"https:\/\/autostil.ba\/maloprodaja\/wp-json\/wp\/v2\/types\/product"}],"replies":[{"embeddable":true,"href":"https:\/\/autostil.ba\/maloprodaja\/wp-json\/wp\/v2\/comments?post=127472"}],"version-history":[{"count":1,"href":"https:\/\/autostil.ba\/maloprodaja\/wp-json\/wp\/v2\/product\/127472\/revisions"}],"predecessor-version":[{"id":127474,"href":"https:\/\/autostil.ba\/maloprodaja\/wp-json\/wp\/v2\/product\/127472\/revisions\/127474"}],"wp:featuredmedia":[{"embeddable":true,"href":"https:\/\/autostil.ba\/maloprodaja\/wp-json\/wp\/v2\/media\/127473"}],"wp:attachment":[{"href":"https:\/\/autostil.ba\/maloprodaja\/wp-json\/wp\/v2\/media?parent=127472"}],"wp:term":[{"taxonomy":"product_brand","embeddable":true,"href":"https:\/\/autostil.ba\/maloprodaja\/wp-json\/wp\/v2\/product_brand?post=127472"},{"taxonomy":"product_cat","embeddable":true,"href":"https:\/\/autostil.ba\/maloprodaja\/wp-json\/wp\/v2\/product_cat?post=127472"},{"taxonomy":"product_tag","embeddable":true,"href":"https:\/\/autostil.ba\/maloprodaja\/wp-json\/wp\/v2\/product_tag?post=127472"}],"curies":[{"name":"wp","href":"https:\/\/api.w.org\/{rel}","templated":true}]}}