{"id":127342,"date":"2025-03-26T14:30:53","date_gmt":"2025-03-26T12:30:53","guid":{"rendered":"https:\/\/autostil.ba\/maloprodaja\/?post_type=product&#038;p=127342"},"modified":"2026-04-08T11:54:05","modified_gmt":"2026-04-08T09:54:05","slug":"felga-aluminijumska-mercedes-19x8-5-p836","status":"publish","type":"product","link":"https:\/\/autostil.ba\/maloprodaja\/proizvod\/6210\/felga-aluminijumska-mercedes-19x8-5-p836\/","title":{"rendered":"FELGA ALUMINIJUMSKA MERCEDES 19X8.5 P836"},"content":{"rendered":"","protected":false},"excerpt":{"rendered":"<p>FELGA ALUMINIJUMSKA MERCEDES 19X8.5 P836 : Veli\u010dina felge: 19 inch; \u0160irina felge: 8,5 J; Raspon rupa: 5&#215;112; Pre\u010dnik centralne rupe: 66,6 mm; ET: 45<\/p>\n","protected":false},"featured_media":127343,"comment_status":"open","ping_status":"closed","template":"","meta":{"_acf_changed":false,"inline_featured_image":false},"product_brand":[],"product_cat":[163],"product_tag":[],"class_list":{"0":"post-127342","1":"product","2":"type-product","3":"status-publish","4":"has-post-thumbnail","6":"product_cat-aluminijske-felge","7":"pa_brend-mercedes","8":"pa_velicina-257","10":"first","11":"instock","12":"taxable","13":"shipping-taxable","14":"purchasable","15":"product-type-simple"},"acf":[],"custom_product_id":"6210","_links":{"self":[{"href":"https:\/\/autostil.ba\/maloprodaja\/wp-json\/wp\/v2\/product\/127342","targetHints":{"allow":["GET"]}}],"collection":[{"href":"https:\/\/autostil.ba\/maloprodaja\/wp-json\/wp\/v2\/product"}],"about":[{"href":"https:\/\/autostil.ba\/maloprodaja\/wp-json\/wp\/v2\/types\/product"}],"replies":[{"embeddable":true,"href":"https:\/\/autostil.ba\/maloprodaja\/wp-json\/wp\/v2\/comments?post=127342"}],"version-history":[{"count":1,"href":"https:\/\/autostil.ba\/maloprodaja\/wp-json\/wp\/v2\/product\/127342\/revisions"}],"predecessor-version":[{"id":127344,"href":"https:\/\/autostil.ba\/maloprodaja\/wp-json\/wp\/v2\/product\/127342\/revisions\/127344"}],"wp:featuredmedia":[{"embeddable":true,"href":"https:\/\/autostil.ba\/maloprodaja\/wp-json\/wp\/v2\/media\/127343"}],"wp:attachment":[{"href":"https:\/\/autostil.ba\/maloprodaja\/wp-json\/wp\/v2\/media?parent=127342"}],"wp:term":[{"taxonomy":"product_brand","embeddable":true,"href":"https:\/\/autostil.ba\/maloprodaja\/wp-json\/wp\/v2\/product_brand?post=127342"},{"taxonomy":"product_cat","embeddable":true,"href":"https:\/\/autostil.ba\/maloprodaja\/wp-json\/wp\/v2\/product_cat?post=127342"},{"taxonomy":"product_tag","embeddable":true,"href":"https:\/\/autostil.ba\/maloprodaja\/wp-json\/wp\/v2\/product_tag?post=127342"}],"curies":[{"name":"wp","href":"https:\/\/api.w.org\/{rel}","templated":true}]}}