{"id":126992,"date":"2025-03-28T13:52:35","date_gmt":"2025-03-28T11:52:35","guid":{"rendered":"https:\/\/autostil.ba\/maloprodaja\/?post_type=product&#038;p=126992"},"modified":"2026-04-08T11:53:42","modified_gmt":"2026-04-08T09:53:42","slug":"rucka-mjenjaca-sa-kozom-asy-vw-passat-vi-2005-2011-5-brzina","status":"publish","type":"product","link":"https:\/\/autostil.ba\/maloprodaja\/proizvod\/5816\/rucka-mjenjaca-sa-kozom-asy-vw-passat-vi-2005-2011-5-brzina\/","title":{"rendered":"RU\u010cKA MJENJA\u010cA SA KO\u017dOM ASY VW PASSAT 6 2005-2010 (5 BRZINA)"},"content":{"rendered":"","protected":false},"excerpt":{"rendered":"<p>RU\u010cKA MJENJA\u010cA SA KO\u017dOM ASY VW PASSAT 6 2005-2010 (5 BRZINA)<\/p>\n","protected":false},"featured_media":126993,"comment_status":"open","ping_status":"closed","template":"","meta":{"_acf_changed":false,"inline_featured_image":false},"product_brand":[],"product_cat":[900],"product_tag":[],"class_list":{"0":"post-126992","1":"product","2":"type-product","3":"status-publish","4":"has-post-thumbnail","6":"product_cat-rucice-mjenjaca-sa-kozom","7":"pa_brend-volkswagen","9":"first","10":"instock","11":"taxable","12":"shipping-taxable","13":"purchasable","14":"product-type-simple"},"acf":[],"custom_product_id":"5816","_links":{"self":[{"href":"https:\/\/autostil.ba\/maloprodaja\/wp-json\/wp\/v2\/product\/126992","targetHints":{"allow":["GET"]}}],"collection":[{"href":"https:\/\/autostil.ba\/maloprodaja\/wp-json\/wp\/v2\/product"}],"about":[{"href":"https:\/\/autostil.ba\/maloprodaja\/wp-json\/wp\/v2\/types\/product"}],"replies":[{"embeddable":true,"href":"https:\/\/autostil.ba\/maloprodaja\/wp-json\/wp\/v2\/comments?post=126992"}],"version-history":[{"count":2,"href":"https:\/\/autostil.ba\/maloprodaja\/wp-json\/wp\/v2\/product\/126992\/revisions"}],"predecessor-version":[{"id":793050213,"href":"https:\/\/autostil.ba\/maloprodaja\/wp-json\/wp\/v2\/product\/126992\/revisions\/793050213"}],"wp:featuredmedia":[{"embeddable":true,"href":"https:\/\/autostil.ba\/maloprodaja\/wp-json\/wp\/v2\/media\/126993"}],"wp:attachment":[{"href":"https:\/\/autostil.ba\/maloprodaja\/wp-json\/wp\/v2\/media?parent=126992"}],"wp:term":[{"taxonomy":"product_brand","embeddable":true,"href":"https:\/\/autostil.ba\/maloprodaja\/wp-json\/wp\/v2\/product_brand?post=126992"},{"taxonomy":"product_cat","embeddable":true,"href":"https:\/\/autostil.ba\/maloprodaja\/wp-json\/wp\/v2\/product_cat?post=126992"},{"taxonomy":"product_tag","embeddable":true,"href":"https:\/\/autostil.ba\/maloprodaja\/wp-json\/wp\/v2\/product_tag?post=126992"}],"curies":[{"name":"wp","href":"https:\/\/api.w.org\/{rel}","templated":true}]}}