{"id":126912,"date":"2025-08-30T14:05:31","date_gmt":"2025-08-30T12:05:31","guid":{"rendered":"https:\/\/autostil.ba\/maloprodaja\/?post_type=product&#038;p=126912"},"modified":"2026-04-08T11:53:36","modified_gmt":"2026-04-08T09:53:36","slug":"okvir-za-tablicu-inox-1-komad-zakrivljeni","status":"publish","type":"product","link":"https:\/\/autostil.ba\/maloprodaja\/proizvod\/10951\/okvir-za-tablicu-inox-1-komad-zakrivljeni\/","title":{"rendered":"OKVIR ZA TABLICU INOX 1 KOMAD (ZAKRIVLJENI)"},"content":{"rendered":"","protected":false},"excerpt":{"rendered":"<p>OKVIR ZA TABLICU INOX 1 KOMAD (ZAKRIVLJENI); Okvir za registarsku tablicu od inoxa i rupama za univerzalnu ugradnju.Koncipiran je tako da je zakrivljen i lako prilagodljiv za mota\u017eu na prednjim branicima gdje je neophodna zakrivljenost.Otporan na koroziju i ostale spolja\u0161ne uticaje.Brza i laka monta\u017ea.<\/p>\n","protected":false},"featured_media":126913,"comment_status":"open","ping_status":"closed","template":"","meta":{"_acf_changed":false,"inline_featured_image":false},"product_brand":[],"product_cat":[108],"product_tag":[],"class_list":{"0":"post-126912","1":"product","2":"type-product","3":"status-publish","4":"has-post-thumbnail","6":"product_cat-nosaci-registarskih-tablica","8":"first","9":"instock","10":"taxable","11":"shipping-taxable","12":"purchasable","13":"product-type-simple"},"acf":[],"custom_product_id":"10951","_links":{"self":[{"href":"https:\/\/autostil.ba\/maloprodaja\/wp-json\/wp\/v2\/product\/126912","targetHints":{"allow":["GET"]}}],"collection":[{"href":"https:\/\/autostil.ba\/maloprodaja\/wp-json\/wp\/v2\/product"}],"about":[{"href":"https:\/\/autostil.ba\/maloprodaja\/wp-json\/wp\/v2\/types\/product"}],"replies":[{"embeddable":true,"href":"https:\/\/autostil.ba\/maloprodaja\/wp-json\/wp\/v2\/comments?post=126912"}],"version-history":[{"count":1,"href":"https:\/\/autostil.ba\/maloprodaja\/wp-json\/wp\/v2\/product\/126912\/revisions"}],"predecessor-version":[{"id":126914,"href":"https:\/\/autostil.ba\/maloprodaja\/wp-json\/wp\/v2\/product\/126912\/revisions\/126914"}],"wp:featuredmedia":[{"embeddable":true,"href":"https:\/\/autostil.ba\/maloprodaja\/wp-json\/wp\/v2\/media\/126913"}],"wp:attachment":[{"href":"https:\/\/autostil.ba\/maloprodaja\/wp-json\/wp\/v2\/media?parent=126912"}],"wp:term":[{"taxonomy":"product_brand","embeddable":true,"href":"https:\/\/autostil.ba\/maloprodaja\/wp-json\/wp\/v2\/product_brand?post=126912"},{"taxonomy":"product_cat","embeddable":true,"href":"https:\/\/autostil.ba\/maloprodaja\/wp-json\/wp\/v2\/product_cat?post=126912"},{"taxonomy":"product_tag","embeddable":true,"href":"https:\/\/autostil.ba\/maloprodaja\/wp-json\/wp\/v2\/product_tag?post=126912"}],"curies":[{"name":"wp","href":"https:\/\/api.w.org\/{rel}","templated":true}]}}